{"id":107,"date":"2022-06-23T11:12:30","date_gmt":"2022-06-23T17:12:30","guid":{"rendered":"https:\/\/www.comunidad.escom.ipn.mx\/ua_matdiscretas\/?page_id=107"},"modified":"2022-08-16T16:39:53","modified_gmt":"2022-08-16T22:39:53","slug":"2021-2022-2","status":"publish","type":"page","link":"https:\/\/www.comunidad.escom.ipn.mx\/ua_matdiscretas\/actividades\/2021-2022-2\/","title":{"rendered":"Actividades en el periodo 2021-2022\/2"},"content":{"rendered":"\n<p>En esta secci\u00f3n, podr\u00e1s encontrar informaci\u00f3n relevante de esta unidad de aprendizaje durante el periodo lectivo 2021-2022\/2, de enero a julio de 2022.<\/p>\n\n\n\n<p>Para mayor informaci\u00f3n de otros periodos, consulte el historial &#8220;<a href=\"https:\/\/www.comunidad.escom.ipn.mx\/ua_matdiscretas\/actividades\/\">Actividades de la Coordinaci\u00f3n<\/a>&#8220;. <\/p>\n\n\n\n<h2 id=\"profesores\">Profesores<\/h2>\n\n\n\n<p>Los profesores que imparten esta unidad de aprendizaje en este periodo, as\u00ed como sus datos de contacto, son:<\/p>\n\n\n\n<p>(*) Docente responsable de la coordinaci\u00f3n.<\/p>\n\n\n\n<figure class=\"wp-block-table is-style-stripes\"><table><thead><tr><th class=\"has-text-align-center\" data-align=\"center\"><\/th><th>Docente<\/th><th class=\"has-text-align-center\" data-align=\"center\">Contacto<\/th><\/tr><\/thead><tbody><tr><td class=\"has-text-align-center\" data-align=\"center\">1<\/td><td><strong>Iv\u00e1n Eduardo<\/strong> Blanco Almaz\u00e1n<\/td><td class=\"has-text-align-center\" data-align=\"center\"><a href=\"mailto:iblancoa@ipn.mx\"><i class=\"fas fa-envelope\"><\/i><\/a><\/td><\/tr><tr><td class=\"has-text-align-center\" data-align=\"center\">2<\/td><td><strong>Israel<\/strong> Buitr\u00f3n D\u00e1maso (*)<\/td><td class=\"has-text-align-center\" data-align=\"center\"><a href=\"mailto:ibuitron@ipn.mx\"><i class=\"fas fa-envelope\"><\/i><\/a> <a href=\"https:\/\/comunidad.escom.ipn.mx\/ibuitron\" target=\"_blank\" rel=\"noreferrer noopener\"><i class=\"fas fa-globe\"><\/i><\/a><\/td><\/tr><tr><td class=\"has-text-align-center\" data-align=\"center\">3<\/td><td><strong>Crisp\u00edn<\/strong> Herrera Ya\u00f1ez<\/td><td class=\"has-text-align-center\" data-align=\"center\"><a href=\"mailto:cherreray@ipn.mx\"><i class=\"fas fa-envelope\"><\/i><\/a><\/td><\/tr><tr><td class=\"has-text-align-center\" data-align=\"center\">4<\/td><td><strong>Edith Adriana<\/strong> Jim\u00e9nez Contreras<\/td><td class=\"has-text-align-center\" data-align=\"center\"><a href=\"mailto:eajimenez@ipn.mx\"><i class=\"fas fa-envelope\"><\/i><\/a><\/td><\/tr><tr><td class=\"has-text-align-center\" data-align=\"center\">5<\/td><td><strong>Martha Patricia<\/strong> Jim\u00e9nez Villanueva<\/td><td class=\"has-text-align-center\" data-align=\"center\"><a href=\"mailto:mjimenezv@ipn.mx\"><i class=\"fas fa-envelope\"><\/i><\/a><\/td><\/tr><tr><td class=\"has-text-align-center\" data-align=\"center\">6<\/td><td><strong>\u00c1ngel Salvador<\/strong> Montiel S\u00e1nchez<\/td><td class=\"has-text-align-center\" data-align=\"center\"><a href=\"mailto:amontiels@ipn.mx\"><i class=\"fas fa-envelope\"><\/i><\/a><\/td><\/tr><tr><td class=\"has-text-align-center\" data-align=\"center\">7<\/td><td><strong>Ivan Giovanny<\/strong> Mosso Garc\u00eda<\/td><td class=\"has-text-align-center\" data-align=\"center\"><a href=\"mailto:igmosso@ipn.mx\"><i class=\"fas fa-envelope\"><\/i><\/a><\/td><\/tr><tr><td class=\"has-text-align-center\" data-align=\"center\">8<\/td><td><strong>Perla Rebeca<\/strong> S\u00e1nchez Vargas<\/td><td class=\"has-text-align-center\" data-align=\"center\"><a href=\"mailto:psanchezv@ipn.mx\"><i class=\"fas fa-envelope\"><\/i><\/a><\/td><\/tr><\/tbody><\/table><\/figure>\n\n\n\n<h2 id=\"ets\">Ex\u00e1menes a t\u00edtulo de suficiencia<\/h2>\n\n\n\n<p>Los detalles relacionados con los ETSs, como fechas, horarios, requisitos, etc., est\u00e1n disponibles en sus secciones correspondientes:<\/p>\n\n\n\n<ul><li><a href=\"https:\/\/www.comunidad.escom.ipn.mx\/ua_matdiscretas\/actividades\/2021-2022-2\/ets-ordinario\/\">ETS ordinarios <i class=\"fas fa-link\"><\/i><\/a><\/li><li><a href=\"https:\/\/www.comunidad.escom.ipn.mx\/ua_matdiscretas\/actividades\/2021-2022-2\/ets-especial\/\">ETS especiales <i class=\"fas fa-link\"><\/i><\/a><\/li><\/ul>\n","protected":false},"excerpt":{"rendered":"<p>En esta secci\u00f3n, podr\u00e1s encontrar informaci\u00f3n relevante de esta unidad de aprendizaje durante el periodo lectivo 2021-2022\/2, de enero a julio de 2022. Para mayor informaci\u00f3n de otros periodos, consulte el historial &#8220;Actividades de la Coordinaci\u00f3n&#8220;. Profesores Los profesores que <span class=\"readmore\"><a href=\"https:\/\/www.comunidad.escom.ipn.mx\/ua_matdiscretas\/actividades\/2021-2022-2\/\">Continue Reading &#8230;<\/a><\/span><\/p>\n","protected":false},"author":2,"featured_media":0,"parent":129,"menu_order":0,"comment_status":"closed","ping_status":"closed","template":"","meta":{"jetpack_post_was_ever_published":false},"jetpack_sharing_enabled":true,"jetpack_shortlink":"https:\/\/wp.me\/P8iVV1-1J","_links":{"self":[{"href":"https:\/\/www.comunidad.escom.ipn.mx\/ua_matdiscretas\/wp-json\/wp\/v2\/pages\/107"}],"collection":[{"href":"https:\/\/www.comunidad.escom.ipn.mx\/ua_matdiscretas\/wp-json\/wp\/v2\/pages"}],"about":[{"href":"https:\/\/www.comunidad.escom.ipn.mx\/ua_matdiscretas\/wp-json\/wp\/v2\/types\/page"}],"author":[{"embeddable":true,"href":"https:\/\/www.comunidad.escom.ipn.mx\/ua_matdiscretas\/wp-json\/wp\/v2\/users\/2"}],"replies":[{"embeddable":true,"href":"https:\/\/www.comunidad.escom.ipn.mx\/ua_matdiscretas\/wp-json\/wp\/v2\/comments?post=107"}],"version-history":[{"count":18,"href":"https:\/\/www.comunidad.escom.ipn.mx\/ua_matdiscretas\/wp-json\/wp\/v2\/pages\/107\/revisions"}],"predecessor-version":[{"id":349,"href":"https:\/\/www.comunidad.escom.ipn.mx\/ua_matdiscretas\/wp-json\/wp\/v2\/pages\/107\/revisions\/349"}],"up":[{"embeddable":true,"href":"https:\/\/www.comunidad.escom.ipn.mx\/ua_matdiscretas\/wp-json\/wp\/v2\/pages\/129"}],"wp:attachment":[{"href":"https:\/\/www.comunidad.escom.ipn.mx\/ua_matdiscretas\/wp-json\/wp\/v2\/media?parent=107"}],"curies":[{"name":"wp","href":"https:\/\/api.w.org\/{rel}","templated":true}]}}