{"id":129,"date":"2022-06-23T16:22:06","date_gmt":"2022-06-23T22:22:06","guid":{"rendered":"https:\/\/www.comunidad.escom.ipn.mx\/ua_matdiscretas\/?page_id=129"},"modified":"2023-09-17T23:37:28","modified_gmt":"2023-09-18T05:37:28","slug":"actividades","status":"publish","type":"page","link":"https:\/\/www.comunidad.escom.ipn.mx\/ua_matdiscretas\/","title":{"rendered":"Actividades de la Coordinaci\u00f3n"},"content":{"rendered":"\n<p>En esta secci\u00f3n, te presentamos el archivo hist\u00f3rico de las actividades realizadas por la Coordinaci\u00f3n de Matem\u00e1ticas discretas en los diferentes periodos lectivos.<\/p>\n\n\n\n<figure class=\"wp-block-table is-style-stripes\"><table><thead><tr><th>Periodo lectivo<\/th><th>Meses<\/th><th>P\u00e1gina<\/th><\/tr><\/thead><tbody><tr><td>2023-2024\/1<\/td><td>agosto 2023 a enero 2024<\/td><td><a href=\"https:\/\/www.comunidad.escom.ipn.mx\/ua_matdiscretas\/actividades\/2023-2024-1\/\"><i class=\"fas fa-globe\"><\/i><\/a><\/td><\/tr><tr><td>2022-2023\/2<\/td><td>enero a julio 2023<\/td><td><i class=\"fas fa-globe\"><\/i><\/td><\/tr><tr><td>2022-2023\/1<\/td><td>agosto a diciembre 2022<\/td><td><a href=\"https:\/\/www.comunidad.escom.ipn.mx\/ua_matdiscretas\/actividades\/2022-2023-1\/\"><i class=\"fas fa-globe\"><\/i><\/a><\/td><\/tr><tr><td>2021-2022\/2<\/td><td>enero a julio 2022<\/td><td><a href=\"https:\/\/www.comunidad.escom.ipn.mx\/ua_matdiscretas\/actividades\/2021-2022-2\/\"><i class=\"fas fa-globe\"><\/i><\/a><\/td><\/tr><tr><td>2016-2017\/2<\/td><td>enero a julio 2017<\/td><td><a href=\"https:\/\/www.comunidad.escom.ipn.mx\/ua_matdiscretas\/actividades\/2016-2017-2\/\"><i class=\"fas fa-globe\"><\/i><\/a><\/td><\/tr><tr><td>2016-2017\/1<\/td><td>agosto a diciembre 2016<\/td><td><a href=\"https:\/\/www.comunidad.escom.ipn.mx\/ua_matdiscretas\/actividades\/2016-2017-1\/\"><i class=\"fas fa-globe\"><\/i><\/a><\/td><\/tr><\/tbody><\/table><\/figure>\n","protected":false},"excerpt":{"rendered":"<p>En esta secci\u00f3n, te presentamos el archivo hist\u00f3rico de las actividades realizadas por la Coordinaci\u00f3n de Matem\u00e1ticas discretas en los diferentes periodos lectivos. Periodo lectivo Meses P\u00e1gina 2023-2024\/1 agosto 2023 a enero 2024 2022-2023\/2 enero a julio 2023 2022-2023\/1 agosto <span class=\"readmore\"><a href=\"https:\/\/www.comunidad.escom.ipn.mx\/ua_matdiscretas\/\">Continue Reading &#8230;<\/a><\/span><\/p>\n","protected":false},"author":2,"featured_media":0,"parent":0,"menu_order":0,"comment_status":"closed","ping_status":"closed","template":"","meta":{"jetpack_post_was_ever_published":false},"jetpack_sharing_enabled":true,"jetpack_shortlink":"https:\/\/wp.me\/P8iVV1-25","_links":{"self":[{"href":"https:\/\/www.comunidad.escom.ipn.mx\/ua_matdiscretas\/wp-json\/wp\/v2\/pages\/129"}],"collection":[{"href":"https:\/\/www.comunidad.escom.ipn.mx\/ua_matdiscretas\/wp-json\/wp\/v2\/pages"}],"about":[{"href":"https:\/\/www.comunidad.escom.ipn.mx\/ua_matdiscretas\/wp-json\/wp\/v2\/types\/page"}],"author":[{"embeddable":true,"href":"https:\/\/www.comunidad.escom.ipn.mx\/ua_matdiscretas\/wp-json\/wp\/v2\/users\/2"}],"replies":[{"embeddable":true,"href":"https:\/\/www.comunidad.escom.ipn.mx\/ua_matdiscretas\/wp-json\/wp\/v2\/comments?post=129"}],"version-history":[{"count":8,"href":"https:\/\/www.comunidad.escom.ipn.mx\/ua_matdiscretas\/wp-json\/wp\/v2\/pages\/129\/revisions"}],"predecessor-version":[{"id":496,"href":"https:\/\/www.comunidad.escom.ipn.mx\/ua_matdiscretas\/wp-json\/wp\/v2\/pages\/129\/revisions\/496"}],"wp:attachment":[{"href":"https:\/\/www.comunidad.escom.ipn.mx\/ua_matdiscretas\/wp-json\/wp\/v2\/media?parent=129"}],"curies":[{"name":"wp","href":"https:\/\/api.w.org\/{rel}","templated":true}]}}