{"id":142,"date":"2022-06-23T16:54:07","date_gmt":"2022-06-23T22:54:07","guid":{"rendered":"https:\/\/www.comunidad.escom.ipn.mx\/ua_matdiscretas\/?page_id=142"},"modified":"2022-08-17T01:41:40","modified_gmt":"2022-08-17T07:41:40","slug":"ets-ordinario","status":"publish","type":"page","link":"https:\/\/www.comunidad.escom.ipn.mx\/ua_matdiscretas\/actividades\/2021-2022-2\/ets-ordinario\/","title":{"rendered":"Examen a t\u00edtulo de suficiencia ordinario del periodo 2021-2022\/2"},"content":{"rendered":"\n<p class=\"has-text-align-justify\">En esta secci\u00f3n, podr\u00e1s encontrar informaci\u00f3n relevante de esta unidad de aprendizaje durante el periodo lectivo 2021-2022\/2, de enero a julio de 2022.<\/p>\n\n\n\n<p class=\"has-text-align-justify\">Para mayor informaci\u00f3n de otras actividades en este periodo consulte &#8220;<a href=\"https:\/\/www.comunidad.escom.ipn.mx\/ua_matdiscretas\/\">Actividades en el periodo 2021-2022\/2<\/a>&#8221; y para actividades en otros periodos consulte el historial &#8220;<a href=\"https:\/\/www.comunidad.escom.ipn.mx\/ua_matdiscretas\/actividades\/\">Actividades de la Coordinaci\u00f3n<\/a>&#8220;. <\/p>\n\n\n\n<hr class=\"wp-block-separator has-alpha-channel-opacity\"\/>\n\n\n\n<h2 id=\"talleres-ets\">Talleres de preparaci\u00f3n<\/h2>\n\n\n\n<p class=\"has-text-align-justify\">La Academia de Ciencias B\u00e1sicas (ACB) aprob\u00f3, en su Cuarta Reuni\u00f3n Ordinaria, la realizaci\u00f3n de talleres de preparaci\u00f3n para los ETS.<\/p>\n\n\n\n<p class=\"has-text-align-justify\">Particularmente, los talleres de matem\u00e1ticas discretas disponibles son:<\/p>\n\n\n\n<figure class=\"wp-block-table is-style-stripes\"><table><tbody><tr><td>Docente<\/td><td>Horario<\/td><td>Aulas<\/td><\/tr><tr><td>Martha Patricia Jim\u00e9nez Villanueva<\/td><td>08:00 &#8211; 10:00<\/td><td>Por confirmar (2202-2207)<\/td><\/tr><\/tbody><\/table><\/figure>\n\n\n\n<p class=\"has-text-align-justify\"><i class=\"fas fa-circle-info\"><\/i> NOTA: Cabe mencionar que, <strong>los talleres de preparaci\u00f3n<\/strong> para ETS <strong>no est\u00e1n bajo la responsabilidad de esta Coordinaci\u00f3n<\/strong>. Para mayor informaci\u00f3n, puede consultar al titular de la ACB, el profesor <a href=\"mailto:fguzmana@ipn.mx\" target=\"_blank\" rel=\"noreferrer noopener\">Florencio Guzm\u00e1n Aguilar <i class=\"fas fa-envelope\"><\/i><\/a>, o al titular de la Subdirecci\u00f3n Acad\u00e9mica (SA), el profesor <a href=\"mailto:igmosso@ipn.mx\" target=\"_blank\" rel=\"noreferrer noopener\">Iv\u00e1n Giovanny Mosso Garc\u00eda <i class=\"fas fa-envelope\"><\/i><\/a>.<\/p>\n\n\n\n<hr class=\"wp-block-separator has-alpha-channel-opacity\"\/>\n\n\n\n<h2 id=\"ets-ordinario\">Examen<\/h2>\n\n\n\n<h3 id=\"fecha-y-hora\">Fechas y horas<\/h3>\n\n\n\n<p>Los ex\u00e1menes a t\u00edtulo de suficiencia (ETS) ordinarios se realizar\u00e1n el d\u00eda martes <strong>05 de junio de 2022<\/strong> en dos turnos. En el turno matutino se aplicar\u00e1 de <strong>10:00 a 12:00 horas<\/strong> <i class=\"fas fa-clock\"><\/i> y en el turno vespertino de <strong>16:00 a 18:00 horas<\/strong> <i class=\"fas fa-clock\"><\/i>.<\/p>\n\n\n\n\n\n\n\n<h3 id=\"inscripciones\">Inscripciones<\/h3>\n\n\n\n<p class=\"has-text-align-justify\">Las inscripciones a los ETSs se deben realizar del 28 al 30 de junio mediante el <a href=\"https:\/\/www.saes.escom.ipn.mx\" target=\"_blank\" rel=\"noreferrer noopener\">SAES <i class=\"fas fa-up-right-from-square\"><\/i><\/a>, de acuerdo con las indicaciones del Departamento de Gesti\u00f3n Escolar (DGE).<\/p>\n\n\n\n<p class=\"has-text-align-justify\"><i class=\"fas fa-circle-info\"><\/i> NOTA: El proceso de inscripci\u00f3n es operado por el DGE. Esta Coordinaci\u00f3n no participa en ese proceso. Para mayor informaci\u00f3n o ante cualquier duda, se sugiere ponerse en contacto directamente con su titular, la Ing. <a href=\"mailto:mgaleanac@ipn.mx\" target=\"_blank\" rel=\"noreferrer noopener\">Mar\u00eda del Rosario Galeana Ch\u00e1vez <i class=\"fas fa-envelope\"><\/i><\/a> o al correo del <a href=\"mailto:sescolares_escom@ipn.mx\">DGE <i class=\"fas fa-envelope\"><\/i><\/a>.<\/p>\n\n\n\n<h3 id=\"ubicaci\u00f3n\">Ubicaci\u00f3n<\/h3>\n\n\n\n<p>Los ETSs se aplicar\u00e1n en las aulas:<\/p>\n\n\n\n<figure class=\"wp-block-table is-style-stripes\"><table><tbody><tr><td>Plan de estudios<\/td><td>Turno<\/td><td>Horario<\/td><td>Aulas<\/td><\/tr><tr><td>Ingenier\u00eda en Sistemas Computacionales 2009<\/td><td>Matutino<\/td><td>10:00<\/td><td>1202, 1203, 1204<\/td><\/tr><tr><td>Ingenier\u00eda en Sistemas Computacionales 2009<\/td><td>Vespertino<\/td><td>16:00<\/td><td>1202, 1203, 1204<\/td><\/tr><tr><td>Ingenier\u00eda en Sistemas Computacionales 2020<\/td><td>Matutino<\/td><td>10:00<\/td><td>1202, 1203, 1204<\/td><\/tr><tr><td>Ingenier\u00eda en Sistemas Computacionales 2020<\/td><td>Vespertino<\/td><td>16:00<\/td><td>1202, 1203, 1204<\/td><\/tr><tr><td>Ingenier\u00eda en Inteligencia Artificial<\/td><td>Matutino<\/td><td>10:00<\/td><td>4008<\/td><\/tr><tr><td>Ingenier\u00eda en Inteligencia Artificial<\/td><td>Vespertino<\/td><td>16:00<\/td><td>4008<\/td><\/tr><tr><td>Licenciatura en Ciencias de Datos<\/td><td>Matutino<\/td><td>10:00<\/td><td>3008<\/td><\/tr><tr><td>Licenciatura en Ciencias de Datos<\/td><td>Vespertino<\/td><td>16:00<\/td><td>3008<\/td><\/tr><\/tbody><\/table><\/figure>\n\n\n\n<p class=\"has-text-align-justify\"><i class=\"fas fa-circle-info\"><\/i> NOTA: <strong>La ubicaci\u00f3n<\/strong> de aplicaci\u00f3n de los ETSs <strong>podr\u00eda cambiar sin previo aviso<\/strong>, principalmente por cuestiones de log\u00edstica, por lo que se sugiere estar pendiente de cualquier actualizaci\u00f3n: 1. en esta p\u00e1gina y 2. en alguna actualizaci\u00f3n de la Coordinaci\u00f3n por el correo institucional.<\/p>\n\n\n\n<p class=\"has-text-align-justify\"><i class=\"fas fa-circle-exclamation\"><\/i> ACTUALIZACI\u00d3N: La <strong>ubicaci\u00f3n definitiva<\/strong> para la aplicaci\u00f3n de los ETSs ser\u00e1 el aula 1204.<\/p>\n\n\n\n<figure class=\"wp-block-table is-style-stripes\"><table><tbody><tr><td>Plan de estudios<\/td><td>Turno<\/td><td>Horario<\/td><td>Aulas<\/td><\/tr><tr><td>Ingenier\u00eda en Sistemas Computacionales 2009<br>Ingenier\u00eda en Sistemas Computacionales 2020<br>Ingenier\u00eda en Inteligencia Artificial<br>Licenciatura en Ciencias de Datos<\/td><td>Matutino<br>Vespertino<\/td><td>10:00<br>16:00<\/td><td>1204<\/td><\/tr><\/tbody><\/table><\/figure>\n\n\n\n<h3 id=\"calificaciones\">Calificaciones<\/h3>\n\n\n\n<p class=\"has-text-align-justify\">La calificaciones ser\u00e1n publicadas en el SAES y estar\u00e1n disponibles para su consulta por los estudiantes a partir del viernes 08 de julio a las 18:00 horas.<\/p>\n\n\n\n<p class=\"has-text-align-justify\"><i class=\"fas fa-circle-exclamation\"><\/i> ACTUALIZACI\u00d3N: Las calificaciones no han sido publicadas a\u00fan (18:40). En cuanto est\u00e9n p\u00fablicas, <strong>todos los estudiantes ser\u00e1n avisados por correo electr\u00f3nico<\/strong>.<\/p>\n\n\n\n<hr class=\"wp-block-separator has-alpha-channel-opacity\"\/>\n\n\n\n<h2 id=\"retroalimentaci\u00f3n-del-examen\">Retroalimentaci\u00f3n del examen<\/h2>\n\n\n\n<p>Esta reuni\u00f3n tiene el objetivo de <strong>ofrecer a los estudiantes una retroalimentaci\u00f3n<\/strong> general sobre aspectos observados en los ex\u00e1menes presentados.<\/p>\n\n\n\n<p class=\"has-text-align-justify\">Los detalles de la reuni\u00f3n son:<\/p>\n\n\n\n<ul><li>Plataforma: <a href=\"https:\/\/www.microsoft.com\/es-mx\/microsoft-teams\/download-app\" target=\"_blank\" rel=\"noreferrer noopener nofollow\">Teams <i class=\"fas fa-people-group\"><\/i> <i class=\"fas fa-up-right-from-square\"><\/i><\/a><\/li><li>Registro: <a href=\"https:\/\/teams.microsoft.com\/registration\/2fRL-ZeAlEet9qVGbKKFYw,7seNvPoyp0OPEDVI2lhURA,vyyrg9zEu061m2pZuzHv4Q,m6iSxRDmyUmmWBxByzii4g,1o72Fd5TNUWOA7Aq384QGw,z7hZgzwDgkqCPXGKG9249A?mode=read&amp;tenantId=f94bf4d9-8097-4794-adf6-a5466ca28563\" target=\"_blank\" rel=\"noreferrer noopener nofollow\"><i class=\"fas fa-rectangle-list\"><\/i> <i class=\"fas fa-up-right-from-square\"><\/i><\/a><\/li><li>Fecha: viernes, 15 de julio de 2022<\/li><li>Hora: 18:00 horas<\/li><\/ul>\n\n\n\n<p class=\"has-text-align-justify\"><strong>El acceso a esta sesi\u00f3n requiere invitaci\u00f3n<\/strong>. Los estudiantes que presentaron el ETS se les enviar\u00e1 un correo de invitaci\u00f3n. Cualquier <strong>persona que desee asistir<\/strong> puede solicitar su acceso mediante el formulario de registro.<\/p>\n\n\n\n<p class=\"has-text-align-justify\"><i class=\"fas fa-circle-info\"><\/i> NOTA: Cabe se\u00f1alar <strong>lo que esta reuni\u00f3n no es<\/strong>: no es para revisi\u00f3n individual de ex\u00e1menes, no es para modificar calificaciones, no es para exposici\u00f3n de temas del curso, no suple alguna revisi\u00f3n informativa o revisi\u00f3n reglamentada.<\/p>\n\n\n\n<hr class=\"wp-block-separator has-alpha-channel-opacity\"\/>\n\n\n\n<h2 id=\"revision-del-examen\">Revisi\u00f3n del examen<\/h2>\n\n\n\n<p class=\"has-text-align-justify\">Los ex\u00e1menes pueden pasar por dos tipos de revisiones: la revisi\u00f3n reglamentaria o una revisi\u00f3n informativa.<\/p>\n\n\n\n<p class=\"has-text-align-justify\">La <strong>revisi\u00f3n reglamentada<\/strong> es aquella se\u00f1alada por el art\u00edculo 51 del <a href=\"https:\/\/www.comunidad.escom.ipn.mx\/ibuitron\/docs\/normativa\/IPN-RGE-20110613.pdf\" target=\"_blank\" rel=\"noreferrer noopener\">RGE <i class=\"fas fa-file-pdf\"><\/i> <i class=\"fas fa-up-right-from-square\"><\/i><\/a> y <strong>tiene como prop\u00f3sito<\/strong> principal <strong>atender la inconformidad de un estudiante<\/strong> sobre la calificaci\u00f3n obtenida en su evaluaci\u00f3n.<\/p>\n\n\n\n<p class=\"has-text-align-justify\">En cambio, la <strong>revisi\u00f3n informativa<\/strong> es aquella que organiza el titular de la CMD y <strong>tiene como prop\u00f3sito<\/strong> principal <strong>facilitar una retroalimentaci\u00f3n al estudiante<\/strong>. Cabe se\u00f1alar que en esta revisi\u00f3n no se pueden realizar modificaciones a la calificaci\u00f3n, ya que requiere un proceso m\u00e1s formal, y esto se atiende con la revisi\u00f3n reglamentada.<\/p>\n\n\n\n<p class=\"has-text-align-justify\"><i class=\"fas fa-circle-info\"><\/i> NOTA: Considerando que ambas revisiones terminan siendo atendidas por la CMD, cualquier solicitud de revisi\u00f3n informativa ser\u00e1 descartada mientras tanto exista una solicitud de revisi\u00f3n reglamentada.<\/p>\n\n\n\n<h3 id=\"revision-reglamentada\">Revisi\u00f3n reglamentada<\/h3>\n\n\n\n<p class=\"has-text-align-justify\">Todo estudiante tiene el derecho de revisi\u00f3n de su evaluaci\u00f3n <i class=\"fas fa-scale-balanced\"><\/i>, generalmente, en caso de inconformidad con la calificaci\u00f3n asignada. Este derecho est\u00e1 se\u00f1alado en el art\u00edculo 51 del <a href=\"https:\/\/www.comunidad.escom.ipn.mx\/ibuitron\/docs\/normativa\/IPN-RGE-20110613.pdf\" target=\"_blank\" rel=\"noreferrer noopener\">Reglamento General de Estudios <i class=\"fas fa-file-pdf\"><\/i> <i class=\"fas fa-up-right-from-square\"><\/i><\/a>.<\/p>\n\n\n\n<h4 id=\"procedimiento-de-revision\">Procedimiento de la revisi\u00f3n<\/h4>\n\n\n\n<p class=\"has-text-align-justify\">El procedimiento de revisi\u00f3n reglamentada se compone por las siguientes acciones:<\/p>\n\n\n\n<ol><li>El estudiante solicita la revisi\u00f3n de su evaluaci\u00f3n al titular de la SA escolar.<\/li><li>El titular de la SA emite un memorando al titular de la presidencia de la ACB, que se\u00f1ala realizar la revisi\u00f3n de la evaluaci\u00f3n solicitada.<\/li><li>El titular de la presidencia de la ACB notifica al titular de la CMD el memorando que indica la realizaci\u00f3n de la revisi\u00f3n de la evaluaci\u00f3n solicitada.<\/li><li>El titular de la CMD convoca y organiza un comit\u00e9 de revisi\u00f3n de acuerdo con el art\u00edculo \u2014 del RGE para realizar la revisi\u00f3n de la evaluaci\u00f3n solicitada, siempre en presencia del estudiante.<\/li><li>Los docentes en el comit\u00e9 de revisi\u00f3n reciben el examen y realizan la revisi\u00f3n correspondiente. Tras esta, o bien ratifican la calificaci\u00f3n inicialmente asignada, o emiten una calificaci\u00f3n de acuerdo a su criterio.<\/li><li>El titular de la CMD levanta una minuta de la reuni\u00f3n de revisi\u00f3n en donde se especifica las personas que se reunieron, la calificaci\u00f3n asignada por los docentes en el comit\u00e9 de revisi\u00f3n y la calificaci\u00f3n definitiva. Finalmente, todas las personas firman la minuta.<\/li><li>El titular de la CMD notifica al titular de la presidencia de la ACB la minuta y, este a su vez, notifica al titular de la SA.<\/li><\/ol>\n\n\n\n<h4 id=\"seguimiento-de-revision\">Detalles y seguimiento de las revisiones<\/h4>\n\n\n\n<p class=\"has-text-align-justify\">Los detalles de relacionados con las solicitudes de revisiones reglamentadas puedes consultarlo en la secci\u00f3n &#8220;<a href=\"https:\/\/www.comunidad.escom.ipn.mx\/ua_matdiscretas\/actividades\/2021-2022-2\/ets-ordinario\/revisiones\/\" target=\"_blank\" rel=\"noreferrer noopener\">Revisiones del Examen a t\u00edtulo de suficiencia ordinario del periodo 2021-2022\/2<\/a>&#8220;.<\/p>\n\n\n\n<h3 id=\"revision-informativa\">Revisi\u00f3n informativa<\/h3>\n\n\n\n<p class=\"has-text-align-justify\">La revisi\u00f3n informativa es un procedimiento que ofrece el titular de la CMD con el objetivo de que cualquier estudiante interesado pueda revisar su examen y tener la posibilidad de una retroalimentaci\u00f3n breve o que le permite identificar sus aciertos y errores.<\/p>\n\n\n\n<p class=\"has-text-align-justify\"><i class=\"fas fa-circle-info\"><\/i> NOTA: Esta revisi\u00f3n no est\u00e1 considerada dentro del RGE, por lo que est\u00e1 sujeta a la disponibilidad del docente que realice la revisi\u00f3n.<\/p>\n\n\n\n<h4>Procedimiento de la revisi\u00f3n informativa<\/h4>\n\n\n\n<p class=\"has-text-align-justify\">El procedimiento de revisi\u00f3n reglamentada se compone por las siguientes acciones:<\/p>\n\n\n\n<ol><li>El estudiante solicita la revisi\u00f3n de su evaluaci\u00f3n al titular de CMD.<\/li><li>El titular de la CMD acuerda una reuni\u00f3n con el estudiante, de acuerdo a su disponibilidad. La reuni\u00f3n puede ser presencialmente en las instalaciones escolares o en remoto mediante una videollamada.<\/li><li>El titular de la CMD muestra al estudiante su evaluaci\u00f3n y puede responder algunas dudas o realizar algunas aclaraciones a dudas del estudiantes.<\/li><\/ol>\n\n\n\n<h3 id=\"comparacion-de-revisiones\">Comparaci\u00f3n de revisiones<\/h3>\n\n\n\n<p class=\"has-text-align-justify\">Algunas caracter\u00edsticas importantes para comparar los tipos de revisiones son:<\/p>\n\n\n\n<figure class=\"wp-block-table is-style-stripes\"><table><tbody><tr><td>Caracter\u00edstica<\/td><td>Revisi\u00f3n Informativa<\/td><td>Revisi\u00f3n reglamentada<\/td><\/tr><tr><td>Posibilidad de modificaci\u00f3n de calificaciones<\/td><td><i class=\"fas fa-xmark\"><\/i><\/td><td><i class=\"fas fa-check\"><\/i><\/td><\/tr><tr><td>Resoluci\u00f3n de dudas<\/td><td><i class=\"fas fa-check\"><\/i><\/td><td><i class=\"fas fa-xmark\"><\/i><\/td><\/tr><tr><td>Rapidez de atenci\u00f3n<\/td><td><i class=\"fas fa-check\"><\/i><\/td><td><i class=\"fas fa-question\"><\/i><\/td><\/tr><tr><td>Instancias involucradas<\/td><td><i class=\"fas fa-chess-knight\"><\/i> Coordinaci\u00f3n de MD<\/td><td><i class=\"fas fa-chess-queen\"><\/i> Subdirecci\u00f3n Acad\u00e9mica<br><i class=\"fas fa-chess-bishop\"><\/i> Academia de Ciencias B\u00e1sicas<br><i class=\"fas fa-chess-knight\"><\/i> Coordinaci\u00f3n de MD<\/td><\/tr><tr><td>Responsable de la revisi\u00f3n<\/td><td><i class=\"fas fa-chess-knight\"><\/i> Coordinaci\u00f3n de MD<\/td><td><i class=\"fas fa-chess-queen\"><\/i> Subdirecci\u00f3n Acad\u00e9mica<\/td><\/tr><\/tbody><\/table><\/figure>\n\n\n\n<hr class=\"wp-block-separator has-alpha-channel-opacity\"\/>\n\n\n\n<h2 id=\"preguntas-frecuentes\">Preguntas frecuentes<\/h2>\n\n\n\n<p>Te dejamos esta secci\u00f3n de preguntas frecuentes que podr\u00edan ser de utilidad.<\/p>\n\n\n\n<p><i class=\"fas fa-circle-info\"><\/i> NOTA: Si consideras que alguna pregunta no est\u00e1 incluida y debiera estarlo por favor, escr\u00edbenos <a href=\"mailto:ibuitron@ipn.mx?subject=[202120222-MD-ETS-Ordinario] Pregunta sugerida\" target=\"_blank\" rel=\"noreferrer noopener\"><i class=\"fas fa-envelope\"><\/i><\/a> para incluirla.<\/p>\n\n\n\n<div class=\"is-layout-flex wp-container-3 wp-block-columns\">\n<div class=\"is-layout-flow wp-block-column\">\n<h3>Calificaciones<\/h3>\n\n\n\n<ul><li>\u00bfD\u00f3nde puedo consultar la calificaci\u00f3n de esta evaluaci\u00f3n?<br>Las calificaciones deben ser publicadas en el <a href=\"https:\/\/www.saes.escom.ipn.mx\/\" target=\"_blank\" rel=\"noreferrer noopener\">SAES <i class=\"fas fa-up-right-from-square\"><\/i><\/a>, por lo que ah\u00ed pueden ser consultadas.<\/li><li>\u00bfA partir de cuando se pueden consultar las calificaciones?<br>De acuerdo con el art\u00edculo 50 del <a href=\"https:\/\/www.comunidad.escom.ipn.mx\/ibuitron\/docs\/normativa\/IPN-RGE-20110613.pdf\" target=\"_blank\" rel=\"noreferrer noopener\">RGE <i class=\"fas fa-file-pdf\"><\/i> <i class=\"fas fa-up-right-from-square\"><\/i><\/a>, las calificaciones deben ser publicadas dentro de los tres (3) d\u00edas h\u00e1biles siguientes a la fecha en la que se aplic\u00f3 la evaluaci\u00f3n.<\/li><li>\u00bfQui\u00e9n es el responsable de publicar las calificaciones?<br>El titular de la CMD es el responsable de la publicaci\u00f3n de las calificaciones. Independientemente, de qui\u00e9n haya aplicado la evaluaci\u00f3n o qui\u00e9n haya calificado los ex\u00e1menes.<\/li><\/ul>\n<\/div>\n\n\n\n<div class=\"is-layout-flow wp-block-column\">\n<h3>Inconformidades<\/h3>\n\n\n\n<ul><li>\u00bfQu\u00e9 puedo hacer si estoy inconforme con la calificaci\u00f3n del ETS que present\u00e9?<br>De acuerdo con el art\u00edculo 51 del <a href=\"https:\/\/www.comunidad.escom.ipn.mx\/ibuitron\/docs\/normativa\/IPN-RGE-20110613.pdf\" target=\"_blank\" rel=\"noreferrer noopener\">RGE <i class=\"fas fa-file-pdf\"><\/i> <i class=\"fas fa-up-right-from-square\"><\/i><\/a>, cualquier estudiante tiene derecho a la revisi\u00f3n de su evaluaci\u00f3n.<\/li><li>\u00bfC\u00f3mo puedo solicitar revisi\u00f3n de mi ETS?<br>Se debe solicitar formalmente la revisi\u00f3n del ETS a la SA. La solicitud puede realizarse mediante una carta libre.<\/li><li>\u00bfCu\u00e1ndo puedo solicitar la revisi\u00f3n de mi ETS?<br>Se debe solicitar dentro de los ocho (8) d\u00edas h\u00e1biles siguientes a la fecha en la que se aplic\u00f3 la evaluaci\u00f3n.<\/li><li>\u00bfQui\u00e9n debe responder la solicitud de revisi\u00f3n del ETS?<br>Dado que la solicitud se debe dirigir a la Subdirecci\u00f3n Acad\u00e9mica, entonces su titular es el responsable de ordenar que se realice la revisi\u00f3n. Derivado de esto, es posible que el titular de la ACB o de la CMD se ponga en contacto con el estudiante para acordar la revisi\u00f3n. <\/li><\/ul>\n<\/div>\n<\/div>\n\n\n\n<h3 id=\"procedimiento-de-revision\">Acr\u00f3nimos<\/h3>\n\n\n\n<p class=\"has-text-align-justify\">Los acr\u00f3nimos usados en esta p\u00e1gina son:<\/p>\n\n\n\n<ul><li>ACB: Academia de Ciencias B\u00e1sicas.<\/li><li>CMD: Coordinaci\u00f3n de Matem\u00e1ticas Discretas.<\/li><li>DGE: Departamento de Gesti\u00f3n Escolar.<\/li><li>ETS: Examen a T\u00edtulo de Suficiencia.<\/li><li>RGE: Reglamento General de Estudios del Instituto Polit\u00e9cnico Nacional.<\/li><li>SA: Subdirecci\u00f3n Acad\u00e9mica.<\/li><li>SAES: Sistema de Administraci\u00f3n Escolar.<\/li><\/ul>\n","protected":false},"excerpt":{"rendered":"<p>En esta secci\u00f3n, podr\u00e1s encontrar informaci\u00f3n relevante de esta unidad de aprendizaje durante el periodo lectivo 2021-2022\/2, de enero a julio de 2022. Para mayor informaci\u00f3n de otras actividades en este periodo consulte &#8220;Actividades en el periodo 2021-2022\/2&#8221; y para <span class=\"readmore\"><a href=\"https:\/\/www.comunidad.escom.ipn.mx\/ua_matdiscretas\/actividades\/2021-2022-2\/ets-ordinario\/\">Continue Reading &#8230;<\/a><\/span><\/p>\n","protected":false},"author":2,"featured_media":207,"parent":107,"menu_order":100,"comment_status":"closed","ping_status":"closed","template":"","meta":{"jetpack_post_was_ever_published":false},"jetpack_sharing_enabled":true,"jetpack_shortlink":"https:\/\/wp.me\/P8iVV1-2i","_links":{"self":[{"href":"https:\/\/www.comunidad.escom.ipn.mx\/ua_matdiscretas\/wp-json\/wp\/v2\/pages\/142"}],"collection":[{"href":"https:\/\/www.comunidad.escom.ipn.mx\/ua_matdiscretas\/wp-json\/wp\/v2\/pages"}],"about":[{"href":"https:\/\/www.comunidad.escom.ipn.mx\/ua_matdiscretas\/wp-json\/wp\/v2\/types\/page"}],"author":[{"embeddable":true,"href":"https:\/\/www.comunidad.escom.ipn.mx\/ua_matdiscretas\/wp-json\/wp\/v2\/users\/2"}],"replies":[{"embeddable":true,"href":"https:\/\/www.comunidad.escom.ipn.mx\/ua_matdiscretas\/wp-json\/wp\/v2\/comments?post=142"}],"version-history":[{"count":34,"href":"https:\/\/www.comunidad.escom.ipn.mx\/ua_matdiscretas\/wp-json\/wp\/v2\/pages\/142\/revisions"}],"predecessor-version":[{"id":272,"href":"https:\/\/www.comunidad.escom.ipn.mx\/ua_matdiscretas\/wp-json\/wp\/v2\/pages\/142\/revisions\/272"}],"up":[{"embeddable":true,"href":"https:\/\/www.comunidad.escom.ipn.mx\/ua_matdiscretas\/wp-json\/wp\/v2\/pages\/107"}],"wp:featuredmedia":[{"embeddable":true,"href":"https:\/\/www.comunidad.escom.ipn.mx\/ua_matdiscretas\/wp-json\/wp\/v2\/media\/207"}],"wp:attachment":[{"href":"https:\/\/www.comunidad.escom.ipn.mx\/ua_matdiscretas\/wp-json\/wp\/v2\/media?parent=142"}],"curies":[{"name":"wp","href":"https:\/\/api.w.org\/{rel}","templated":true}]}}