{"id":146,"date":"2022-06-23T17:13:02","date_gmt":"2022-06-23T23:13:02","guid":{"rendered":"https:\/\/www.comunidad.escom.ipn.mx\/ua_matdiscretas\/?page_id=146"},"modified":"2022-06-23T17:54:21","modified_gmt":"2022-06-23T23:54:21","slug":"2016-2017-2","status":"publish","type":"page","link":"https:\/\/www.comunidad.escom.ipn.mx\/ua_matdiscretas\/actividades\/2016-2017-2\/","title":{"rendered":"Actividades en el periodo 2016-2017\/2"},"content":{"rendered":"\n<p>En esta secci\u00f3n, podr\u00e1s encontrar informaci\u00f3n relevante de esta unidad de aprendizaje durante el periodo lectivo 2016-2017\/2, de enero a julio de 2017.<\/p>\n\n\n\n<p>Para mayor informaci\u00f3n de otros periodos, consulte el historial &#8220;<a href=\"https:\/\/www.comunidad.escom.ipn.mx\/ua_matdiscretas\/actividades\/\">Actividades de la Coordinaci\u00f3n<\/a>&#8220;. <\/p>\n\n\n\n<h2 id=\"profesores\">Profesores<\/h2>\n\n\n\n<p>Los profesores que imparten esta unidad de aprendizaje en este periodo, as\u00ed como sus datos de contacto, son:<\/p>\n\n\n\n<p>(*) Docente responsable de la coordinaci\u00f3n.<\/p>\n\n\n\n<figure class=\"wp-block-table is-style-stripes\"><table><thead><tr><th class=\"has-text-align-center\" data-align=\"center\"><\/th><th>Docente<\/th><th class=\"has-text-align-center\" data-align=\"center\">Contacto<\/th><\/tr><\/thead><tbody><tr><td class=\"has-text-align-center\" data-align=\"center\">1<\/td><td><strong>Israel<\/strong> Buitr\u00f3n D\u00e1maso (*)<\/td><td class=\"has-text-align-center\" data-align=\"center\"><a href=\"mailto:ibuitron@ipn.mx\"><i class=\"fas fa-envelope\"><\/i><\/a> <a href=\"https:\/\/comunidad.escom.ipn.mx\/ibuitron\" target=\"_blank\" rel=\"noreferrer noopener\"><i class=\"fas fa-globe\"><\/i><\/a><\/td><\/tr><tr><td class=\"has-text-align-center\" data-align=\"center\">2<\/td><td><strong>Alejandro<\/strong> Gonz\u00e1lez Cisneros<\/td><td class=\"has-text-align-center\" data-align=\"center\"><a href=\"mailto:agonzalezci@ipn.mx\"><i class=\"fas fa-envelope\"><\/i><\/a><\/td><\/tr><tr><td class=\"has-text-align-center\" data-align=\"center\">3<\/td><td><strong>Olga<\/strong> Kolesnikova<\/td><td class=\"has-text-align-center\" data-align=\"center\"><a href=\"mailto:okolesnikova@ipn.mx\"><i class=\"fas fa-envelope\"><\/i><\/a> <a href=\"https:\/\/comunidad.escom.ipn.mx\/okolesnikova\" target=\"_blank\" rel=\"noreferrer noopener\"><i class=\"fas fa-globe\"><\/i><\/a><\/td><\/tr><tr><td class=\"has-text-align-center\" data-align=\"center\">4<\/td><td><strong>\u00c1ngel Salvador<\/strong> Montiel S\u00e1nchez<\/td><td class=\"has-text-align-center\" data-align=\"center\"><a href=\"mailto:amontiels@ipn.mx\"><i class=\"fas fa-envelope\"><\/i><\/a><\/td><\/tr><tr><td class=\"has-text-align-center\" data-align=\"center\">5<\/td><td><strong>Tlatoani de Jes\u00fas<\/strong> Reyes Bermejo<\/td><td class=\"has-text-align-center\" data-align=\"center\"><a href=\"mailto:treyesb@ipn.mx\"><i class=\"fas fa-envelope\"><\/i><\/a><\/td><\/tr><\/tbody><\/table><figcaption>Profesores en el periodo lectivo 2016-2017\/2<\/figcaption><\/figure>\n\n\n\n<h2 id=\"ets\">Ex\u00e1menes a t\u00edtulo de suficiencia<\/h2>\n\n\n\n<p>Los detalles relacionados con los ETSs, como fechas, horarios, requisitos, etc., est\u00e1n disponibles en sus secciones correspondientes:<\/p>\n\n\n\n<ul><li>ETS ordinarios<\/li><li>ETS especiales<\/li><\/ul>\n\n\n\n<h2 id=\"reuniones\">Reuniones<\/h2>\n\n\n\n<p>Las reuniones realizadas y\/o convocadas por la Coordinaci\u00f3n fueron:<\/p>\n\n\n\n<figure class=\"wp-block-table is-style-stripes\"><table><thead><tr><th><\/th><th>Reuni\u00f3n<\/th><th>Fecha<\/th><th>P\u00e1gina<\/th><\/tr><\/thead><tbody><tr><td>1<\/td><td>Primera reuni\u00f3n ordinaria<\/td><td>&#8211;<\/td><td><i class=\"fas fa-globe\"><\/i><\/td><\/tr><tr><td>2<\/td><td>Segunda reuni\u00f3n ordinaria<\/td><td>06 de mayo de 2017<\/td><td><i class=\"fas fa-globe\"><\/i><\/td><\/tr><\/tbody><\/table><\/figure>\n","protected":false},"excerpt":{"rendered":"<p>En esta secci\u00f3n, podr\u00e1s encontrar informaci\u00f3n relevante de esta unidad de aprendizaje durante el periodo lectivo 2016-2017\/2, de enero a julio de 2017. Para mayor informaci\u00f3n de otros periodos, consulte el historial &#8220;Actividades de la Coordinaci\u00f3n&#8220;. Profesores Los profesores que <span class=\"readmore\"><a href=\"https:\/\/www.comunidad.escom.ipn.mx\/ua_matdiscretas\/actividades\/2016-2017-2\/\">Continue Reading &#8230;<\/a><\/span><\/p>\n","protected":false},"author":2,"featured_media":0,"parent":129,"menu_order":0,"comment_status":"closed","ping_status":"closed","template":"","meta":{"jetpack_post_was_ever_published":false},"jetpack_sharing_enabled":true,"jetpack_shortlink":"https:\/\/wp.me\/P8iVV1-2m","_links":{"self":[{"href":"https:\/\/www.comunidad.escom.ipn.mx\/ua_matdiscretas\/wp-json\/wp\/v2\/pages\/146"}],"collection":[{"href":"https:\/\/www.comunidad.escom.ipn.mx\/ua_matdiscretas\/wp-json\/wp\/v2\/pages"}],"about":[{"href":"https:\/\/www.comunidad.escom.ipn.mx\/ua_matdiscretas\/wp-json\/wp\/v2\/types\/page"}],"author":[{"embeddable":true,"href":"https:\/\/www.comunidad.escom.ipn.mx\/ua_matdiscretas\/wp-json\/wp\/v2\/users\/2"}],"replies":[{"embeddable":true,"href":"https:\/\/www.comunidad.escom.ipn.mx\/ua_matdiscretas\/wp-json\/wp\/v2\/comments?post=146"}],"version-history":[{"count":5,"href":"https:\/\/www.comunidad.escom.ipn.mx\/ua_matdiscretas\/wp-json\/wp\/v2\/pages\/146\/revisions"}],"predecessor-version":[{"id":170,"href":"https:\/\/www.comunidad.escom.ipn.mx\/ua_matdiscretas\/wp-json\/wp\/v2\/pages\/146\/revisions\/170"}],"up":[{"embeddable":true,"href":"https:\/\/www.comunidad.escom.ipn.mx\/ua_matdiscretas\/wp-json\/wp\/v2\/pages\/129"}],"wp:attachment":[{"href":"https:\/\/www.comunidad.escom.ipn.mx\/ua_matdiscretas\/wp-json\/wp\/v2\/media?parent=146"}],"curies":[{"name":"wp","href":"https:\/\/api.w.org\/{rel}","templated":true}]}}