{"id":251,"date":"2022-08-08T14:05:36","date_gmt":"2022-08-08T20:05:36","guid":{"rendered":"https:\/\/www.comunidad.escom.ipn.mx\/ua_matdiscretas\/?page_id=251"},"modified":"2022-08-09T17:02:37","modified_gmt":"2022-08-09T23:02:37","slug":"revisiones","status":"publish","type":"page","link":"https:\/\/www.comunidad.escom.ipn.mx\/ua_matdiscretas\/actividades\/2021-2022-2\/ets-ordinario\/revisiones\/","title":{"rendered":"Revisiones del Examen a t\u00edtulo de suficiencia ordinario del periodo 2021-2022\/2"},"content":{"rendered":"\n<p class=\"has-text-align-justify\">En esta secci\u00f3n, podr\u00e1s encontrar detalles del procedimiento de revisi\u00f3n de los Ex\u00e1menes a T\u00edtulo de Suficiente ordinarios de esta unidad de aprendizaje durante el periodo lectivo 2021-2022\/2, de enero a julio de 2022, realizadas por esta Coordinaci\u00f3n.<\/p>\n\n\n\n<p class=\"has-text-align-justify\">Para mayor informaci\u00f3n de otras actividades en este periodo consulte &#8220;<a href=\"https:\/\/www.comunidad.escom.ipn.mx\/ua_matdiscretas\/\">Actividades en el periodo 2021-2022\/2<\/a>&#8221; y para actividades en otros periodos consulte el historial &#8220;<a href=\"https:\/\/www.comunidad.escom.ipn.mx\/ua_matdiscretas\/actividades\/\">Actividades de la Coordinaci\u00f3n<\/a>&#8220;. <\/p>\n\n\n\n<hr class=\"wp-block-separator has-alpha-channel-opacity\"\/>\n\n\n\n<h2 id=\"talleres-ets\">Revisiones reglamentadas<\/h2>\n\n\n\n<h3>Solicitudes recibidas<\/h3>\n\n\n\n<p class=\"has-text-align-justify\">Las <strong>solicitudes de revisi\u00f3n<\/strong> reglamentada de evaluaci\u00f3n que <strong>recibidas<\/strong> por esta Coordinaci\u00f3n son:<\/p>\n\n\n\n<figure id=\"tabla-1\" class=\"wp-block-table is-style-stripes\"><table><thead><tr><th><\/th><th>Estudiante solicitante<\/th><th>Memorando<\/th><th>Fecha \/ hora<\/th><\/tr><\/thead><tbody><tr><td>1<\/td><td>Andree Jared Ram\u00edrez Cantoral<\/td><td>MEMO\/SA\/326\/2022 <a href=\"http:\/\/www.comunidad.escom.ipn.mx\/ua_matdiscretas\/wp-content\/uploads\/2022\/08\/ESCOM-SA-MEMO_SA_326_2022-20220713.pdf\" target=\"_blank\" rel=\"noreferrer noopener\"><i class=\"fas fa-file-pdf\"><\/i><\/a><\/td><td>13-jun-2022<\/td><\/tr><tr><td>2<\/td><td>Ulises Osvaldo Hern\u00e1ndez Medina<\/td><td>MEMO\/SA\/326\/2022 <a href=\"http:\/\/www.comunidad.escom.ipn.mx\/ua_matdiscretas\/wp-content\/uploads\/2022\/08\/ESCOM-SA-MEMO_SA_326_2022-20220713.pdf\" target=\"_blank\" rel=\"noreferrer noopener\"><i class=\"fas fa-file-pdf\"><\/i><\/a><\/td><td>13-jun-2022<\/td><\/tr><tr><td>3<\/td><td>Daniel Ju\u00e1rez Pineda<\/td><td>MEMO\/SA\/326\/2022 <a href=\"http:\/\/www.comunidad.escom.ipn.mx\/ua_matdiscretas\/wp-content\/uploads\/2022\/08\/ESCOM-SA-MEMO_SA_326_2022-20220713.pdf\" target=\"_blank\" rel=\"noreferrer noopener\"><i class=\"fas fa-file-pdf\"><\/i><\/a><\/td><td>13-jun-2022<\/td><\/tr><tr><td>4<\/td><td>Alexis Giles Macias<\/td><td>MEMO\/SA\/326\/2022 <a href=\"http:\/\/www.comunidad.escom.ipn.mx\/ua_matdiscretas\/wp-content\/uploads\/2022\/08\/ESCOM-SA-MEMO_SA_326_2022-20220713.pdf\" target=\"_blank\" rel=\"noreferrer noopener\"><i class=\"fas fa-file-pdf\"><\/i><\/a><\/td><td>13-jun-2022<\/td><\/tr><tr><td>5<\/td><td>Miguel \u00c1ngel Esteves Gonz\u00e1lez<\/td><td>MEMO\/SA\/326\/2022 <a href=\"http:\/\/www.comunidad.escom.ipn.mx\/ua_matdiscretas\/wp-content\/uploads\/2022\/08\/ESCOM-SA-MEMO_SA_326_2022-20220713.pdf\" target=\"_blank\" rel=\"noreferrer noopener\"><i class=\"fas fa-file-pdf\"><\/i><\/a><\/td><td>13-jun-2022<\/td><\/tr><tr><td>6<\/td><td>Jes\u00fas Iv\u00e1n Cordero V\u00e1zquez<\/td><td>MEMO\/SA\/333\/2022 <a href=\"http:\/\/www.comunidad.escom.ipn.mx\/ua_matdiscretas\/wp-content\/uploads\/2022\/08\/ESCOM-SA-MEMO_SA_333_2022-20220714.pdf\" target=\"_blank\" rel=\"noreferrer noopener\"><i class=\"fas fa-file-pdf\"><\/i><\/a><\/td><td>14-jun-2022<\/td><\/tr><tr><td>7<\/td><td>Jorge Bernardo Castel\u00e1n Hidalgo<\/td><td>MEMO\/SA\/333\/2022 <a href=\"http:\/\/www.comunidad.escom.ipn.mx\/ua_matdiscretas\/wp-content\/uploads\/2022\/08\/ESCOM-SA-MEMO_SA_333_2022-20220714.pdf\" target=\"_blank\" rel=\"noreferrer noopener\"><i class=\"fas fa-file-pdf\"><\/i><\/a><\/td><td>14-jun-2022<\/td><\/tr><tr><td>8<\/td><td>Jair Gonz\u00e1lez P\u00e9rez<\/td><td>MEMO\/SA\/333\/2022 <a href=\"http:\/\/www.comunidad.escom.ipn.mx\/ua_matdiscretas\/wp-content\/uploads\/2022\/08\/ESCOM-SA-MEMO_SA_333_2022-20220714.pdf\" target=\"_blank\" rel=\"noreferrer noopener\"><i class=\"fas fa-file-pdf\"><\/i><\/a><\/td><td>14-jun-2022<\/td><\/tr><tr><td>9<\/td><td>Daniel Ad\u00e1n Nava Brise\u00f1o<\/td><td>MEMO\/SA\/333\/2022 <a href=\"http:\/\/www.comunidad.escom.ipn.mx\/ua_matdiscretas\/wp-content\/uploads\/2022\/08\/ESCOM-SA-MEMO_SA_333_2022-20220714.pdf\" target=\"_blank\" rel=\"noreferrer noopener\"><i class=\"fas fa-file-pdf\"><\/i><\/a><\/td><td>14-jun-2022<\/td><\/tr><\/tbody><\/table><figcaption>Tabla 1: Solicitudes de revisiones de evaluaci\u00f3n recibidas en la Coordinaci\u00f3n<\/figcaption><\/figure>\n\n\n\n<hr class=\"wp-block-separator has-alpha-channel-opacity\"\/>\n\n\n\n<h3 id=\"logistica\">Log\u00edstica<\/h3>\n\n\n\n<p class=\"has-text-align-justify\">Este procedimiento de revisi\u00f3n de evaluaciones, tendr\u00e1 particularmente la siguiente log\u00edstica:<\/p>\n\n\n\n<figure class=\"wp-block-table is-style-stripes\"><table><thead><tr><th><\/th><th>Actor responsable<\/th><th>Descripci\u00f3n<\/th><\/tr><\/thead><tbody><tr><td>1<\/td><td>Subdirector Acad\u00e9mico<\/td><td>El Subdirector Acad\u00e9mico emitir\u00e1 un memorando dirigido al Presidente de Academia para indicar la atenci\u00f3n de las solicitudes de revisi\u00f3n de evaluaciones de los estudiantes.<\/td><\/tr><tr><td>2<\/td><td>Presidente de Academia<\/td><td>El Presidente de Academia transmitir\u00e1 al Coordinador el memorando para delegar la atenci\u00f3n de las solicitudes.<\/td><\/tr><tr><td>3<\/td><td>Coordinador de Matem\u00e1ticas discretas<\/td><td>El Coordinador establecer\u00e1 comunicaci\u00f3n con el\/la estudiante para confirmarle que se ha recibido su solicitud de revisi\u00f3n del ETS.<\/td><\/tr><tr><td>4<\/td><td>Coordinador de Matem\u00e1ticas discretas<\/td><td>El Coordinador le notificar\u00e1 al estudiante para avisarle el horario tentativo de la reuni\u00f3n de revisi\u00f3n del ETS y solicitarle confirme su asistencia.<\/td><\/tr><tr><td>5<\/td><td>Estudiante<\/td><td>El\/La estudiante confirmar\u00e1 su asistencia al Coordinador.<\/td><\/tr><tr><td>6<\/td><td>Coordinador de Matem\u00e1ticas discretas<\/td><td>El Coordinador le notificar\u00e1 al estudiante la fecha, la hora y los datos de conexi\u00f3n de la reuni\u00f3n de revisi\u00f3n del ETS y le solicitar\u00e1 confirme la recepci\u00f3n de esta informaci\u00f3n.<\/td><\/tr><tr><td>7<\/td><td>Estudiante<\/td><td>El\/La estudiante confirmar\u00e1 la recepci\u00f3n de estos datos y conformidad o inconformidad al Coordinador.<\/td><\/tr><tr><td>8<\/td><td>Coordinador de Matem\u00e1ticas discretas<\/td><td>El Coordinador encabeza la reuni\u00f3n de revisi\u00f3n en presencia de dos profesores de la Academia y el\/la estudiante.<\/td><\/tr><tr><td>9<\/td><td>Coordinador de Matem\u00e1ticas discretas<\/td><td>El Coordinador elabora la minuta de la reuni\u00f3n registrando la calificaci\u00f3n convenida por los profesores de la Academia y cualquier detalle relevante en la reuni\u00f3n.<\/td><\/tr><tr><td>10<\/td><td>Coordinador de Matem\u00e1ticas discretas<\/td><td>El Coordinador le notificar\u00e1, mediante el correo electr\u00f3nico institucional, al estudiante la calificaci\u00f3n resultante de la revisi\u00f3n del ETS y le solicitar\u00e1 confirme: la realizaci\u00f3n de la reuni\u00f3n de revisi\u00f3n y la conformidad o la inconformidad de la calificaci\u00f3n.<\/td><\/tr><tr><td>11<\/td><td>Estudiante<\/td><td>El\/La estudiante responder\u00e1 al Coordinador el correo con los datos solicitados.<\/td><\/tr><tr><td>12<\/td><td>Coordinador de Matem\u00e1ticas discretas<\/td><td>El Coordinador recabar\u00e1 la firma aut\u00f3grafa de los profesores de la Academia en la minuta de reuni\u00f3n.<\/td><\/tr><tr><td>13<\/td><td>Coordinador de Matem\u00e1ticas discretas<\/td><td>El Coordinador notificar\u00e1 las calificaciones al Presidente de Academia y sustentar\u00e1 con una copia de las minutas de reuni\u00f3n.<\/td><\/tr><\/tbody><\/table><figcaption>Tabla 2: Log\u00edstica del procedimiento de revisi\u00f3n del ETS ordinario del periodo 2021-2022\/2<\/figcaption><\/figure>\n\n\n\n<hr class=\"wp-block-separator has-alpha-channel-opacity\"\/>\n\n\n\n<h3 id=\"convocatoria\">Convocatoria<\/h3>\n\n\n\n<p class=\"has-text-align-justify\">Tras la recepci\u00f3n de las solicitudes de revisi\u00f3n de evaluaciones, la Coordinaci\u00f3n contactar\u00e1 a cada uno de los estudiantes mediante correo electr\u00f3nico institucional para notificarles la fecha y la hora de la reuni\u00f3n y le solicitar\u00e1 a cada uno confirmar que han sido notificados.<\/p>\n\n\n\n<p class=\"has-text-align-justify\"><strong>Las revisiones se realizar\u00e1n<\/strong> el martes, <strong>09 de agosto de 2022<\/strong>, entre las <strong>16:00<\/strong> y las <strong>18:00<\/strong> horas en reuniones mediante <strong>videoconferencia<\/strong>. A cada estudiante se le asignar\u00e1 un cita, en este intervalo, para la reuni\u00f3n.<\/p>\n\n\n\n<p class=\"has-text-align-justify\">Los detalles de este proceso de contacto y notificaci\u00f3n son:<\/p>\n\n\n\n<figure class=\"wp-block-table is-style-stripes\"><table><thead><tr><th><\/th><th>Estudiante solicitante<\/th><th>Estado<\/th><th>Fecha \/ hora<\/th><\/tr><\/thead><tbody><tr><td>1<\/td><td>Andree Jared Ram\u00edrez Cantoral<\/td><td><i class=\"fas fa-check\"><\/i> Notificado por correo<br><i class=\"fas fa-check\"><\/i> Confirmaci\u00f3n del estudiante<\/td><td>08-ago-2022 01:08<br>08-ago-2022 01:11<\/td><\/tr><tr><td>2<\/td><td>Ulises Osvaldo Hern\u00e1ndez Medina<\/td><td><i class=\"fas fa-check\"><\/i> Notificado por correo<br><i class=\"fas fa-check\"><\/i> Confirmaci\u00f3n del estudiante<\/td><td>08-ago-2022 01:10<br>08-ago-2022 09:43<\/td><\/tr><tr><td>3<\/td><td>Daniel Ju\u00e1rez Pineda<\/td><td><i class=\"fas fa-check\"><\/i> Notificado por correo<br><i class=\"fas fa-check\"><\/i> Confirmaci\u00f3n del estudiante<\/td><td>08-ago-2022 01:11<br>08-ago-2022 11:00<\/td><\/tr><tr><td>4<\/td><td>Alexis Giles Macias<\/td><td><i class=\"fas fa-check\"><\/i> Notificado por correo<br><i class=\"fas fa-xmark\"><\/i> Confirmaci\u00f3n del estudiante<\/td><td>08-ago-2022 01:13<br>\u2014<\/td><\/tr><tr><td>5<\/td><td>Miguel \u00c1ngel Esteves Gonz\u00e1lez<\/td><td><i class=\"fas fa-check\"><\/i> Notificado por correo<br><i class=\"fas fa-check\"><\/i> Confirmaci\u00f3n del estudiante<\/td><td>08-ago-2022 01:15<br>08-ago-2022 09:14<\/td><\/tr><tr><td>6<\/td><td>Jes\u00fas Iv\u00e1n Cordero V\u00e1zquez<\/td><td><i class=\"fas fa-check\"><\/i> Notificado por correo<br><i class=\"fas fa-xmark\"><\/i> Confirmaci\u00f3n del estudiante<\/td><td>08-ago-2022 01:16<br>09-ago-2022 10:51<\/td><\/tr><tr><td>7<\/td><td>Jorge Bernardo Castel\u00e1n Hidalgo<\/td><td><i class=\"fas fa-check\"><\/i> Notificado por correo<br><i class=\"fas fa-check\"><\/i> Confirmaci\u00f3n del estudiante<\/td><td>08-ago-2022 01:50<br>08-ago-2022 12:37<\/td><\/tr><tr><td>8<\/td><td>Jair Gonz\u00e1lez P\u00e9rez<\/td><td><i class=\"fas fa-check\"><\/i> Notificado por correo<br><i class=\"fas fa-xmark\"><\/i> Confirmaci\u00f3n del estudiante<\/td><td>08-ago-2022 01:27<br>\u2014<\/td><\/tr><tr><td>9<\/td><td>Daniel Ad\u00e1n Nava Brise\u00f1o<\/td><td><i class=\"fas fa-check\"><\/i> Notificado por correo<br><i class=\"fas fa-xmark\"><\/i> Confirmaci\u00f3n del estudiante<\/td><td>08-ago-2022 01:29<br>\u2014<\/td><\/tr><\/tbody><\/table><figcaption>Tabla 3: Registro de notificaci\u00f3n de la reuni\u00f3n a estudiantes y confirmaci\u00f3n de recepci\u00f3n por los estudiantes.<\/figcaption><\/figure>\n\n\n\n<p class=\"has-text-align-justify\"><i class=\"fas fa-circle-info\"><\/i> NOTA: Cualquier modificaci\u00f3n ser\u00e1 publicada en esta secci\u00f3n mediante actualizaciones.<\/p>\n\n\n\n<p class=\"has-text-align-justify\">Puedes encontrar m\u00e1s informaci\u00f3n sobre la convocatoria para la reuni\u00f3n de revisi\u00f3n de la evaluaci\u00f3n del ETS en las &#8220;<a href=\"#preguntas-frecuentes\">Preguntas Frecuentes<\/a>&#8220;.<\/p>\n\n\n\n<hr class=\"wp-block-separator has-alpha-channel-opacity\"\/>\n\n\n\n<h3 id=\"citas-de-reuniones\">Citas de las reuniones<\/h3>\n\n\n\n<p class=\"has-text-align-justify\">Las citas para atender cada reuni\u00f3n son:<\/p>\n\n\n\n<figure class=\"wp-block-table is-style-stripes\"><table><thead><tr><th><\/th><th>Estudiante solicitante<\/th><th>Estudiante solicitante<\/th><th>Hora<\/th><th>Progreso del procedimiento de revisi\u00f3n<\/th><\/tr><\/thead><tbody><tr><td>1<\/td><td>Andree Jared Ram\u00edrez Cantoral<\/td><td>09-ago-2022<\/td><td>16:00<\/td><td><i class=\"fas fa-check\"><\/i> Notificaci\u00f3n de cita<br><i class=\"fas fa-check\"><\/i> Confirmaci\u00f3n del estudiante<br><i class=\"fas fa-check\"><\/i> Revisi\u00f3n atendida<br><i class=\"fas fa-check\"><\/i> Calificaci\u00f3n ratificada<br><i class=\"fas fa-check\"><\/i> Calificaci\u00f3n final notificada<br><i class=\"fas fa-triangle-exclamation\"><\/i> Confirmaci\u00f3n del estudiante<\/td><\/tr><tr><td>2<\/td><td>Miguel \u00c1ngel Esteves Gonz\u00e1lez<\/td><td>09-ago-2022<\/td><td>16:30<\/td><td><i class=\"fas fa-check\"><\/i> Notificaci\u00f3n de cita<br><i class=\"fas fa-check\"><\/i> Confirmaci\u00f3n del estudiante<br><i class=\"fas fa-check\"><\/i> Revisi\u00f3n atendida<br><i class=\"fas fa-check\"><\/i> Calificaci\u00f3n ratificada<br><i class=\"fas fa-check\"><\/i> Calificaci\u00f3n final notificada<br><i class=\"fas fa-triangle-exclamation\"><\/i> Confirmaci\u00f3n del estudiante<\/td><\/tr><tr><td>3<\/td><td>Ulises Osvaldo Hern\u00e1ndez Medina<\/td><td>09-ago-2022<\/td><td>17:00<\/td><td><i class=\"fas fa-check\"><\/i> Notificaci\u00f3n de cita<br><i class=\"fas fa-check\"><\/i> Confirmaci\u00f3n del estudiante<br><i class=\"fas fa-check\"><\/i> Revisi\u00f3n atendida (no se present\u00f3)<br><i class=\"fas fa-check\"><\/i> Calificaci\u00f3n ratificada<\/td><\/tr><tr><td>4<\/td><td>Daniel Ju\u00e1rez Pineda<\/td><td>09-ago-2022<\/td><td>17:30<\/td><td><i class=\"fas fa-check\"><\/i> Notificaci\u00f3n de cita<br><i class=\"fas fa-check\"><\/i> Confirmaci\u00f3n del estudiante<br><i class=\"fas fa-check\"><\/i> Revisi\u00f3n atendida<br><i class=\"fas fa-check\"><\/i> Calificaci\u00f3n ratificada<br><i class=\"fas fa-check\"><\/i> Calificaci\u00f3n final notificada<br><i class=\"fas fa-triangle-exclamation\"><\/i> Confirmaci\u00f3n del estudiante<\/td><\/tr><tr><td>5<\/td><td>Jorge Bernardo Castel\u00e1n Hidalgo<\/td><td>09-ago-2022<\/td><td>18:00<\/td><td><i class=\"fas fa-check\"><\/i> Notificaci\u00f3n de cita<br><i class=\"fas fa-xmark\"><\/i> Confirmaci\u00f3n del estudiante<br><i class=\"fas fa-check\"><\/i> Revisi\u00f3n atendida (no se present\u00f3)<br><i class=\"fas fa-check\"><\/i> Calificaci\u00f3n ratificada<\/td><\/tr><tr><td>6<\/td><td>Jes\u00fas Iv\u00e1n Cordero V\u00e1zquez<\/td><td>09-ago-2022<\/td><td>18:30<br>(por confirmar)<\/td><td><i class=\"fas fa-check\"><\/i> Notificaci\u00f3n de cita<br><i class=\"fas fa-xmark\"><\/i> Confirmaci\u00f3n del estudiante<br><i class=\"fas fa-check\"><\/i> Revisi\u00f3n atendida<br><i class=\"fas fa-check\"><\/i> Calificaci\u00f3n ratificada<br><i class=\"fas fa-check\"><\/i> Calificaci\u00f3n final notificada<br><i class=\"fas fa-triangle-exclamation\"><\/i> Confirmaci\u00f3n del estudiante<\/td><\/tr><\/tbody><\/table><figcaption>Tabla 4: Registro de notificaci\u00f3n de la reuni\u00f3n a estudiantes<\/figcaption><\/figure>\n\n\n\n<hr class=\"wp-block-separator has-alpha-channel-opacity\"\/>\n\n\n\n<h2 id=\"preguntas-frecuentes\">Preguntas frecuentes<\/h2>\n\n\n\n<p class=\"has-text-align-justify\">Te dejamos esta secci\u00f3n de preguntas frecuentes que podr\u00edan ser de utilidad.<\/p>\n\n\n\n<p class=\"has-text-align-justify\"><i class=\"fas fa-circle-info\"><\/i> NOTA: Si consideras que alguna pregunta no est\u00e1 incluida y debiera estarlo por favor, escr\u00edbenos <a href=\"mailto:ibuitron@ipn.mx?subject=[202120222-MD-ETS-Ordinario] Pregunta sugerida\" target=\"_blank\" rel=\"noreferrer noopener\"><i class=\"fas fa-envelope\"><\/i><\/a> para incluirla.<\/p>\n\n\n\n<div class=\"is-layout-flex wp-container-3 wp-block-columns\">\n<div class=\"is-layout-flow wp-block-column\">\n<h3>Convocatoria<\/h3>\n\n\n\n<ul><li>\u00bfPor qu\u00e9 no est\u00e1 mi nombre en la lista de citas para reuni\u00f3n?<br>Luego de que un estudiante establece contacto, confirmando la recepci\u00f3n, del correo de la convocatoria se registra en la tabla de la secci\u00f3n &#8220;<a href=\"#convocatoria\">Convocatoria<\/a>&#8221; y se agenda una reuni\u00f3n para revisi\u00f3n. La fecha y la hora de esta reuni\u00f3n se publica en la tabla de la secci\u00f3n &#8220;<a href=\"#citas-de-reuniones\">Citas de reuniones<\/a>&#8220;. Si tu nombre no est\u00e1 registrado, lo m\u00e1s probable es que es que alguna confirmaci\u00f3n tuya no sea haya realiza.<br>Si no es este tu caso, por favor comun\u00edcate inmediatamente a la Coordinaci\u00f3n para atenderte.<\/li><li>\u2014<\/li><\/ul>\n<\/div>\n\n\n\n<div class=\"is-layout-flow wp-block-column\">\n<h3>\u2014<\/h3>\n\n\n\n<ul><li>\u2014<\/li><\/ul>\n<\/div>\n<\/div>\n\n\n\n<hr class=\"wp-block-separator has-alpha-channel-opacity\"\/>\n","protected":false},"excerpt":{"rendered":"<p>En esta secci\u00f3n, podr\u00e1s encontrar detalles del procedimiento de revisi\u00f3n de los Ex\u00e1menes a T\u00edtulo de Suficiente ordinarios de esta unidad de aprendizaje durante el periodo lectivo 2021-2022\/2, de enero a julio de 2022, realizadas por esta Coordinaci\u00f3n. Para mayor <span class=\"readmore\"><a href=\"https:\/\/www.comunidad.escom.ipn.mx\/ua_matdiscretas\/actividades\/2021-2022-2\/ets-ordinario\/revisiones\/\">Continue Reading &#8230;<\/a><\/span><\/p>\n","protected":false},"author":2,"featured_media":262,"parent":142,"menu_order":0,"comment_status":"closed","ping_status":"closed","template":"","meta":{"jetpack_post_was_ever_published":false},"jetpack_sharing_enabled":true,"jetpack_shortlink":"https:\/\/wp.me\/P8iVV1-43","_links":{"self":[{"href":"https:\/\/www.comunidad.escom.ipn.mx\/ua_matdiscretas\/wp-json\/wp\/v2\/pages\/251"}],"collection":[{"href":"https:\/\/www.comunidad.escom.ipn.mx\/ua_matdiscretas\/wp-json\/wp\/v2\/pages"}],"about":[{"href":"https:\/\/www.comunidad.escom.ipn.mx\/ua_matdiscretas\/wp-json\/wp\/v2\/types\/page"}],"author":[{"embeddable":true,"href":"https:\/\/www.comunidad.escom.ipn.mx\/ua_matdiscretas\/wp-json\/wp\/v2\/users\/2"}],"replies":[{"embeddable":true,"href":"https:\/\/www.comunidad.escom.ipn.mx\/ua_matdiscretas\/wp-json\/wp\/v2\/comments?post=251"}],"version-history":[{"count":42,"href":"https:\/\/www.comunidad.escom.ipn.mx\/ua_matdiscretas\/wp-json\/wp\/v2\/pages\/251\/revisions"}],"predecessor-version":[{"id":325,"href":"https:\/\/www.comunidad.escom.ipn.mx\/ua_matdiscretas\/wp-json\/wp\/v2\/pages\/251\/revisions\/325"}],"up":[{"embeddable":true,"href":"https:\/\/www.comunidad.escom.ipn.mx\/ua_matdiscretas\/wp-json\/wp\/v2\/pages\/142"}],"wp:featuredmedia":[{"embeddable":true,"href":"https:\/\/www.comunidad.escom.ipn.mx\/ua_matdiscretas\/wp-json\/wp\/v2\/media\/262"}],"wp:attachment":[{"href":"https:\/\/www.comunidad.escom.ipn.mx\/ua_matdiscretas\/wp-json\/wp\/v2\/media?parent=251"}],"curies":[{"name":"wp","href":"https:\/\/api.w.org\/{rel}","templated":true}]}}