{"id":347,"date":"2022-08-16T16:38:02","date_gmt":"2022-08-16T22:38:02","guid":{"rendered":"https:\/\/www.comunidad.escom.ipn.mx\/ua_matdiscretas\/?page_id=347"},"modified":"2022-08-24T15:59:18","modified_gmt":"2022-08-24T21:59:18","slug":"ets-especial","status":"publish","type":"page","link":"https:\/\/www.comunidad.escom.ipn.mx\/ua_matdiscretas\/actividades\/2021-2022-2\/ets-especial\/","title":{"rendered":"Examen a t\u00edtulo de suficiencia especial del periodo 2021-2022\/2"},"content":{"rendered":"\n<p class=\"has-text-align-justify\">En esta secci\u00f3n, podr\u00e1s encontrar informaci\u00f3n relevante de esta unidad de aprendizaje durante el periodo lectivo 2021-2022\/2, de enero a julio de 2022.<\/p>\n\n\n\n<p class=\"has-text-align-justify\">Para mayor informaci\u00f3n de otras actividades en este periodo consulte &#8220;<a href=\"https:\/\/www.comunidad.escom.ipn.mx\/ua_matdiscretas\/\">Actividades en el periodo 2021-2022\/2<\/a>&#8221; y para actividades en otros periodos consulte el historial &#8220;<a href=\"https:\/\/www.comunidad.escom.ipn.mx\/ua_matdiscretas\/actividades\/\">Actividades de la Coordinaci\u00f3n<\/a>&#8220;. <\/p>\n\n\n\n<hr class=\"wp-block-separator has-alpha-channel-opacity\"\/>\n\n\n\n<h2 id=\"examen\">Examen<\/h2>\n\n\n\n<h3 id=\"fecha-y-hora\">Fecha y hora<\/h3>\n\n\n\n<p>Los ex\u00e1menes a t\u00edtulo de suficiencia (ETS) especiales se realizar\u00e1n el d\u00eda <strong>viernes 19 de agosto de 2022<\/strong>. En el turno matutino se aplicar\u00e1 de <strong>10:00 a 12:00 horas<\/strong> <i class=\"fas fa-clock\"><\/i> y en el turno vespertino de <strong>16:00 a 18:00 horas<\/strong> <i class=\"fas fa-clock\"><\/i>.<\/p>\n\n\n\n\n\n\n\n<h3 id=\"inscripciones\">Inscripciones<\/h3>\n\n\n\n<p class=\"has-text-align-justify\">Las inscripciones a los ETSs se deben realizar <strong>del 17 al 18 de agosto de 2022 mediante el <a href=\"https:\/\/www.saes.escom.ipn.mx\" target=\"_blank\" rel=\"noreferrer noopener\">SAES <i class=\"fas fa-up-right-from-square\"><\/i><\/a><\/strong>, de acuerdo con las indicaciones del Departamento de Gesti\u00f3n Escolar (DGE).<\/p>\n\n\n\n<p class=\"has-text-align-justify\"><i class=\"fas fa-circle-info\"><\/i> NOTA: El proceso de inscripci\u00f3n es operado por el DGE. La CMD no participa en ese proceso. Para mayor informaci\u00f3n o ante cualquier duda, se sugiere ponerse en contacto directamente con su titular, la Ing. <a href=\"mailto:mgaleanac@ipn.mx\" target=\"_blank\" rel=\"noreferrer noopener\">Mar\u00eda del Rosario Galeana Ch\u00e1vez <i class=\"fas fa-envelope\"><\/i><\/a> o al correo del <a href=\"mailto:sescolares_escom@ipn.mx\">DGE <i class=\"fas fa-envelope\"><\/i><\/a>.<\/p>\n\n\n\n<p class=\"has-text-align-justify\">En la <a href=\"#tabla-1\">Tabla 1 <i class=\"fas fa-link\"><\/i><\/a>, se presenta un listado de los <strong>estudiantes inscritos a la evaluaci\u00f3n<\/strong>, de acuerdo con las listas disponibles en el <a href=\"https:\/\/www.saes.escom.ipn.mx\/\" target=\"_blank\" rel=\"noreferrer noopener\">SAES <i class=\"fas fa-up-right-from-square\"><\/i><\/a>.<\/p>\n\n\n\n<figure id=\"tabla-1\" class=\"wp-block-table is-style-stripes\"><table><thead><tr><th>Boleta <i class=\"fas fa-arrow-down-1-9\"><\/i><\/th><th>Carrera<\/th><th>Plan<\/th><th>Hora aplicaci\u00f3n<\/th><\/tr><\/thead><tbody><tr><td>2018390261<\/td><td>Ingenier\u00eda en Sistemas Computacionales<\/td><td>2020<\/td><td>10:00<\/td><\/tr><tr><td>2019630262<\/td><td>Ingenier\u00eda en Sistemas Computacionales<\/td><td>2020<\/td><td>16:00<\/td><\/tr><tr><td>2020300999<\/td><td>Ingenier\u00eda en Inteligencia Artificial<\/td><td>2020<\/td><td>10:00<\/td><\/tr><tr><td>2020630676<\/td><td>Ingenier\u00eda en Sistemas Computacionales<\/td><td>2020<\/td><td>10:00<\/td><\/tr><tr><td>2021630092<\/td><td>Ingenier\u00eda en Sistemas Computacionales<\/td><td>2020<\/td><td>16:00<\/td><\/tr><tr><td>2021630342<\/td><td>Ingenier\u00eda en Inteligencia Artificial<\/td><td>2020<\/td><td>16:00<\/td><\/tr><tr><td>2021630418<\/td><td>Ingenier\u00eda en Sistemas Computacionales<\/td><td>2020<\/td><td>16:00<\/td><\/tr><tr><td>2021630670<\/td><td>Ingenier\u00eda en Sistemas Computacionales<\/td><td>2020<\/td><td>10:00<\/td><\/tr><tr><td>2021630688<\/td><td>Ingenier\u00eda en Sistemas Computacionales<\/td><td>2020<\/td><td>16:00<\/td><\/tr><tr><td>2021630730<\/td><td>Ingenier\u00eda en Sistemas Computacionales<\/td><td>2020<\/td><td>10:00<\/td><\/tr><tr><td>2021630741<\/td><td>Ingenier\u00eda en Sistemas Computacionales<\/td><td>2020<\/td><td>10:00<\/td><\/tr><tr><td>2021630766<\/td><td>Ingenier\u00eda en Sistemas Computacionales<\/td><td>2020<\/td><td>16:00<\/td><\/tr><tr><td>2022630038<\/td><td>Ingenier\u00eda en Sistemas Computacionales<\/td><td>2020<\/td><td>10:00<\/td><\/tr><tr><td>2022630122<\/td><td>Ingenier\u00eda en Sistemas Computacionales<\/td><td>2020<\/td><td>10:00<\/td><\/tr><tr><td>2022630127<\/td><td>Ingenier\u00eda en Sistemas Computacionales<\/td><td>2020<\/td><td>16:00<\/td><\/tr><tr><td>2022630303<\/td><td>Ingenier\u00eda en Sistemas Computacionales<\/td><td>2020<\/td><td>16:00<\/td><\/tr><tr><td>2022630712<\/td><td>Ingenier\u00eda en Sistemas Computacionales<\/td><td>2020<\/td><td>10:00<\/td><\/tr><tr><td>2022630724<\/td><td>Ingenier\u00eda en Sistemas Computacionales<\/td><td>2020<\/td><td>16:00<\/td><\/tr><tr><td>2022630762<\/td><td>Ingenier\u00eda en Inteligencia Artificial<\/td><td>2020<\/td><td>10:00<\/td><\/tr><tr><td>2022630809<\/td><td>Ingenier\u00eda en Sistemas Computacionales<\/td><td>2020<\/td><td>10:00<\/td><\/tr><\/tbody><\/table><figcaption>Tabla 1: Estudiantes inscritos al ETS especial.<\/figcaption><\/figure>\n\n\n\n<p class=\"has-text-align-justify\"><i class=\"fas fa-circle-info\"><\/i> NOTA: La informaci\u00f3n de la Tabla 1 se est\u00e1 actualizando peri\u00f3dicamente hasta el cierre de inscripciones.<\/p>\n\n\n\n<h3 id=\"ubicacion\">Ubicaci\u00f3n<\/h3>\n\n\n\n<p>Los ETSs se aplicar\u00e1n en las aulas:<\/p>\n\n\n\n<figure class=\"wp-block-table is-style-stripes\"><table><thead><tr><th>Plan de estudios<\/th><th>Turno<\/th><th>Horario<\/th><th>Aulas<\/th><\/tr><\/thead><tbody><tr><td>Ingenier\u00eda en Sistemas Computacionales 2009<\/td><td>Matutino<\/td><td>10:00<\/td><td>2213<\/td><\/tr><tr><td>Ingenier\u00eda en Sistemas Computacionales 2009<\/td><td>Vespertino<\/td><td>16:00<\/td><td>2213<\/td><\/tr><tr><td>Ingenier\u00eda en Sistemas Computacionales 2020<\/td><td>Matutino<\/td><td>10:00<\/td><td>2213<\/td><\/tr><tr><td>Ingenier\u00eda en Sistemas Computacionales 2020<\/td><td>Vespertino<\/td><td>16:00<\/td><td>2213<\/td><\/tr><tr><td>Ingenier\u00eda en Inteligencia Artificial<\/td><td>Matutino<\/td><td>10:00<\/td><td>2213<\/td><\/tr><tr><td>Ingenier\u00eda en Inteligencia Artificial<\/td><td>Vespertino<\/td><td>16:00<\/td><td>2213<\/td><\/tr><tr><td>Licenciatura en Ciencias de Datos<\/td><td>Matutino<\/td><td>10:00<\/td><td>2213<\/td><\/tr><tr><td>Licenciatura en Ciencias de Datos<\/td><td>Vespertino<\/td><td>16:00<\/td><td>2213<\/td><\/tr><\/tbody><\/table><figcaption>Tabla 2: Aulas para aplicaci\u00f3n de ETS especial.<\/figcaption><\/figure>\n\n\n\n<p class=\"has-text-align-justify\"><i class=\"fas fa-circle-info\"><\/i> NOTA: <strong>La ubicaci\u00f3n<\/strong> de aplicaci\u00f3n de los ETSs <strong>podr\u00eda cambiar sin previo aviso<\/strong>, principalmente por cuestiones de log\u00edstica, por lo que se sugiere estar pendiente de cualquier actualizaci\u00f3n: 1. en esta p\u00e1gina y 2. en alguna actualizaci\u00f3n de la Coordinaci\u00f3n por el correo institucional.<\/p>\n\n\n\n<h3 id=\"calificaciones\">Calificaciones<\/h3>\n\n\n\n<p class=\"has-text-align-justify\">La calificaciones <strong>ser\u00e1n publicadas en el SAES<\/strong> y estar\u00e1n disponibles para su consulta por los estudiantes <strong>a partir del miercoles 24 de agosto a las 22:00 horas<\/strong>.<\/p>\n\n\n\n<hr class=\"wp-block-separator has-alpha-channel-opacity\"\/>\n\n\n\n<h2 id=\"revision-del-examen\">Revisi\u00f3n del examen<\/h2>\n\n\n\n<p class=\"has-text-align-justify\">Los ex\u00e1menes pueden pasar por dos tipos de revisiones: la revisi\u00f3n reglamentaria o una revisi\u00f3n informativa.<\/p>\n\n\n\n<p class=\"has-text-align-justify\">La <strong>revisi\u00f3n reglamentada<\/strong> es aquella se\u00f1alada por el art\u00edculo 51 del <a href=\"https:\/\/www.comunidad.escom.ipn.mx\/ibuitron\/docs\/normativa\/IPN-RGE-20110613.pdf\" target=\"_blank\" rel=\"noreferrer noopener\">RGE <i class=\"fas fa-file-pdf\"><\/i> <i class=\"fas fa-up-right-from-square\"><\/i><\/a> y <strong>tiene como prop\u00f3sito<\/strong> principal <strong>atender la inconformidad de un estudiante<\/strong> sobre la calificaci\u00f3n obtenida en su evaluaci\u00f3n.<\/p>\n\n\n\n<h3 id=\"revision-reglamentada\">Revisi\u00f3n reglamentada<\/h3>\n\n\n\n<p class=\"has-text-align-justify\">Todo estudiante tiene el derecho de revisi\u00f3n de su evaluaci\u00f3n <i class=\"fas fa-scale-balanced\"><\/i>, generalmente, en caso de inconformidad con la calificaci\u00f3n asignada. Este derecho est\u00e1 se\u00f1alado en el art\u00edculo 51 del <a href=\"https:\/\/www.comunidad.escom.ipn.mx\/ibuitron\/docs\/normativa\/IPN-RGE-20110613.pdf\" target=\"_blank\" rel=\"noreferrer noopener\">Reglamento General de Estudios <i class=\"fas fa-file-pdf\"><\/i> <i class=\"fas fa-up-right-from-square\"><\/i><\/a>.<\/p>\n\n\n\n<h4 id=\"procedimiento-de-revision-reglamentada\">Procedimiento de la revisi\u00f3n<\/h4>\n\n\n\n<p class=\"has-text-align-justify\">El procedimiento de revisi\u00f3n reglamentada se compone por las siguientes acciones:<\/p>\n\n\n\n<ol><li>El estudiante solicita la revisi\u00f3n de su evaluaci\u00f3n al titular de la SA escolar.<\/li><li>El titular de la SA emite un memorando al titular de la presidencia de la ACB, que se\u00f1ala realizar la revisi\u00f3n de la evaluaci\u00f3n solicitada.<\/li><li>El titular de la presidencia de la ACB notifica al titular de la CMD el memorando que indica la realizaci\u00f3n de la revisi\u00f3n de la evaluaci\u00f3n solicitada.<\/li><li>El titular de la CMD convoca y organiza un comit\u00e9 de revisi\u00f3n de acuerdo con el art\u00edculo \u2014 del RGE para realizar la revisi\u00f3n de la evaluaci\u00f3n solicitada, siempre en presencia del estudiante.<\/li><li>Los docentes en el comit\u00e9 de revisi\u00f3n reciben el examen y realizan la revisi\u00f3n correspondiente. Tras esta, o bien ratifican la calificaci\u00f3n inicialmente asignada, o emiten una calificaci\u00f3n de acuerdo a su criterio.<\/li><li>El titular de la CMD levanta una minuta de la reuni\u00f3n de revisi\u00f3n en donde se especifica las personas que se reunieron, la calificaci\u00f3n asignada por los docentes en el comit\u00e9 de revisi\u00f3n y la calificaci\u00f3n definitiva. Finalmente, todas las personas firman la minuta.<\/li><li>El titular de la CMD notifica al titular de la presidencia de la ACB la minuta y, este a su vez, notifica al titular de la SA.<\/li><\/ol>\n\n\n\n<h4 id=\"seguimiento-de-revision-reglamentada\">Detalles y seguimiento de las revisiones<\/h4>\n\n\n\n<p class=\"has-text-align-justify\">Los detalles de relacionados con las solicitudes de revisiones reglamentadas puedes consultarlo en la secci\u00f3n &#8220;Revisiones del Examen a t\u00edtulo de suficiencia especial del periodo 2021-2022\/2&#8221; <i class=\"fas fa-link\"><\/i>.<\/p>\n\n\n\n<hr class=\"wp-block-separator has-alpha-channel-opacity\"\/>\n\n\n\n<h2 id=\"preguntas-frecuentes\">Preguntas frecuentes<\/h2>\n\n\n\n<p>Te dejamos esta secci\u00f3n de preguntas frecuentes que podr\u00edan ser de utilidad.<\/p>\n\n\n\n<p><i class=\"fas fa-circle-info\"><\/i> NOTA: Si consideras que alguna pregunta no est\u00e1 incluida y debiera estarlo por favor, escr\u00edbenos <a href=\"mailto:ibuitron@ipn.mx?subject=[202120222-MD-ETS-Ordinario] Pregunta sugerida\" target=\"_blank\" rel=\"noreferrer noopener\"><i class=\"fas fa-envelope\"><\/i><\/a> para incluirla.<\/p>\n\n\n\n<div class=\"is-layout-flex wp-container-3 wp-block-columns\">\n<div class=\"is-layout-flow wp-block-column\">\n<h3>Talleres de preparaci\u00f3n<\/h3>\n\n\n\n<ul><li>\u00bfEst\u00e1n disponibles <em>talleres de preparaci\u00f3n<\/em> para los ETS especiales?<br><strong>No<\/strong>, los ETS especiales son una evaluaci\u00f3n extraordinaria, es decir, fuera del calendario acad\u00e9mico original y dado que se suelen presentar en la primera semana del periodo lectivo no hay tiempo para la organizaci\u00f3n de estos talleres como s\u00ed ocurre en los ETS ordinarios.<\/li><\/ul>\n\n\n\n<h3>Calificaciones<\/h3>\n\n\n\n<ul><li>\u00bfD\u00f3nde puedo consultar la calificaci\u00f3n de esta evaluaci\u00f3n?<br>Las calificaciones deben ser publicadas en el <a href=\"https:\/\/www.saes.escom.ipn.mx\/\" target=\"_blank\" rel=\"noreferrer noopener\">SAES <i class=\"fas fa-up-right-from-square\"><\/i><\/a>, por lo que ah\u00ed pueden ser consultadas.<\/li><li>\u00bfA partir de cuando se pueden consultar las calificaciones?<br>De acuerdo con el art\u00edculo 50 del <a href=\"https:\/\/www.comunidad.escom.ipn.mx\/ibuitron\/docs\/normativa\/IPN-RGE-20110613.pdf\" target=\"_blank\" rel=\"noreferrer noopener\">RGE <i class=\"fas fa-file-pdf\"><\/i> <i class=\"fas fa-up-right-from-square\"><\/i><\/a>, las calificaciones deben ser publicadas dentro de los tres (3) d\u00edas h\u00e1biles siguientes a la fecha en la que se aplic\u00f3 la evaluaci\u00f3n.<\/li><li>\u00bfQui\u00e9n es el responsable de publicar las calificaciones?<br>El <strong>titular de la CMD<\/strong> es el responsable de la publicaci\u00f3n de las calificaciones. Independientemente, de qui\u00e9n haya aplicado la evaluaci\u00f3n o qui\u00e9n haya calificado los ex\u00e1menes.<\/li><\/ul>\n<\/div>\n\n\n\n<div class=\"is-layout-flow wp-block-column\">\n<h3>Retroalimentaci\u00f3n del examen<\/h3>\n\n\n\n<ul><li>\u00bfHabr\u00e1 sesi\u00f3n de retroalimentaci\u00f3n del examen?<br><strong>No<\/strong>. Por cuestiones de escasez de tiempo, en esta evaluaci\u00f3n de ETS especiales <strong>no habr\u00e1 sesi\u00f3n de retroalimentaci\u00f3n<\/strong>, como s\u00ed hubo en los ETS ordinario de este mismo periodo lectivo.<\/li><\/ul>\n\n\n\n<h3>Inconformidades<\/h3>\n\n\n\n<ul><li>\u00bfQu\u00e9 puedo hacer si estoy inconforme con la calificaci\u00f3n del ETS que present\u00e9?<br>Cualquier estudiante puede solicitar la revisi\u00f3n de su evaluaci\u00f3n. Esta revisi\u00f3n es un derecho se\u00f1alado en el art\u00edculo 51 del RGE <i class=\"fas fa-file-pdf\"><\/i> <i class=\"fas fa-up-right-from-square\"><\/i>.<\/li><li>\u00bfC\u00f3mo puedo solicitar revisi\u00f3n de mi ETS?<br>Se debe solicitar formalmente la revisi\u00f3n del ETS a la SA. La solicitud puede realizarse mediante una carta libre.<\/li><li>\u00bfCu\u00e1ndo puedo solicitar la revisi\u00f3n de mi ETS?<br>Se debe solicitar dentro de los ocho (8) d\u00edas h\u00e1biles siguientes a la fecha en la que se aplic\u00f3 la evaluaci\u00f3n.<\/li><li>\u00bfQui\u00e9n debe responder la solicitud de revisi\u00f3n del ETS?<br>El\/la titular de la Subdirecci\u00f3n Acad\u00e9mica es la persona obligada de informar al estudiante, dado que las solicitudes de revisi\u00f3n son dirigidas a este servidor p\u00fablico. Complementariamente, esta solicitud es una forma de ejercicio del &#8220;derecho de petici\u00f3n&#8221; consagrado en el art\u00edculo 8\u00ba de la Constituci\u00f3n Pol\u00edtica de los Estados Unidos Mexicanos. Independientemente de lo anterior, es posible que el titular de la ACB o de la CMD se ponga en contacto con el estudiante para acordar la revisi\u00f3n. <\/li><\/ul>\n<\/div>\n<\/div>\n\n\n\n<h3 id=\"procedimiento-de-revision\">Acr\u00f3nimos<\/h3>\n\n\n\n<p class=\"has-text-align-justify\">Los acr\u00f3nimos usados en esta p\u00e1gina son:<\/p>\n\n\n\n<ul><li>ACB: Academia de Ciencias B\u00e1sicas.<\/li><li>CMD: Coordinaci\u00f3n de Matem\u00e1ticas Discretas.<\/li><li>DGE: Departamento de Gesti\u00f3n Escolar.<\/li><li>ETS: Examen a T\u00edtulo de Suficiencia.<\/li><li>RGE: Reglamento General de Estudios del Instituto Polit\u00e9cnico Nacional.<\/li><li>SA: Subdirecci\u00f3n Acad\u00e9mica.<\/li><li>SAES: Sistema de Administraci\u00f3n Escolar.<\/li><\/ul>\n","protected":false},"excerpt":{"rendered":"<p>En esta secci\u00f3n, podr\u00e1s encontrar informaci\u00f3n relevante de esta unidad de aprendizaje durante el periodo lectivo 2021-2022\/2, de enero a julio de 2022. Para mayor informaci\u00f3n de otras actividades en este periodo consulte &#8220;Actividades en el periodo 2021-2022\/2&#8221; y para <span class=\"readmore\"><a href=\"https:\/\/www.comunidad.escom.ipn.mx\/ua_matdiscretas\/actividades\/2021-2022-2\/ets-especial\/\">Continue Reading &#8230;<\/a><\/span><\/p>\n","protected":false},"author":2,"featured_media":207,"parent":107,"menu_order":200,"comment_status":"closed","ping_status":"closed","template":"","meta":{"jetpack_post_was_ever_published":false},"jetpack_sharing_enabled":true,"jetpack_shortlink":"https:\/\/wp.me\/P8iVV1-5B","_links":{"self":[{"href":"https:\/\/www.comunidad.escom.ipn.mx\/ua_matdiscretas\/wp-json\/wp\/v2\/pages\/347"}],"collection":[{"href":"https:\/\/www.comunidad.escom.ipn.mx\/ua_matdiscretas\/wp-json\/wp\/v2\/pages"}],"about":[{"href":"https:\/\/www.comunidad.escom.ipn.mx\/ua_matdiscretas\/wp-json\/wp\/v2\/types\/page"}],"author":[{"embeddable":true,"href":"https:\/\/www.comunidad.escom.ipn.mx\/ua_matdiscretas\/wp-json\/wp\/v2\/users\/2"}],"replies":[{"embeddable":true,"href":"https:\/\/www.comunidad.escom.ipn.mx\/ua_matdiscretas\/wp-json\/wp\/v2\/comments?post=347"}],"version-history":[{"count":14,"href":"https:\/\/www.comunidad.escom.ipn.mx\/ua_matdiscretas\/wp-json\/wp\/v2\/pages\/347\/revisions"}],"predecessor-version":[{"id":373,"href":"https:\/\/www.comunidad.escom.ipn.mx\/ua_matdiscretas\/wp-json\/wp\/v2\/pages\/347\/revisions\/373"}],"up":[{"embeddable":true,"href":"https:\/\/www.comunidad.escom.ipn.mx\/ua_matdiscretas\/wp-json\/wp\/v2\/pages\/107"}],"wp:featuredmedia":[{"embeddable":true,"href":"https:\/\/www.comunidad.escom.ipn.mx\/ua_matdiscretas\/wp-json\/wp\/v2\/media\/207"}],"wp:attachment":[{"href":"https:\/\/www.comunidad.escom.ipn.mx\/ua_matdiscretas\/wp-json\/wp\/v2\/media?parent=347"}],"curies":[{"name":"wp","href":"https:\/\/api.w.org\/{rel}","templated":true}]}}