{"id":476,"date":"2023-03-14T16:47:54","date_gmt":"2023-03-14T22:47:54","guid":{"rendered":"https:\/\/www.comunidad.escom.ipn.mx\/ua_matdiscretas\/?page_id=476"},"modified":"2023-03-21T14:22:23","modified_gmt":"2023-03-21T20:22:23","slug":"revisiones","status":"publish","type":"page","link":"https:\/\/www.comunidad.escom.ipn.mx\/ua_matdiscretas\/actividades\/2022-2023-1\/ets-especial\/revisiones\/","title":{"rendered":"Revisiones del Examen a t\u00edtulo de suficiencia especial del periodo 2022-2023\/1"},"content":{"rendered":"\n<p class=\"has-text-align-justify\">En esta secci\u00f3n, podr\u00e1s encontrar detalles del procedimiento de revisi\u00f3n de los Ex\u00e1menes a T\u00edtulo de Suficiencia especiales de esta unidad de aprendizaje durante el periodo lectivo 2022-2023\/1, de agosto de 2022 a febrero de 2023, realizadas por esta Coordinaci\u00f3n.<\/p>\n\n\n\n<p class=\"has-text-align-justify\">Para mayor informaci\u00f3n de otras actividades en este periodo consulte &#8220;<a href=\"https:\/\/www.comunidad.escom.ipn.mx\/ua_matdiscretas\/actividades\/2022-2023-1\/\">Actividades en el periodo 2022-2023\/1<\/a>&#8221; y para actividades en otros periodos consulte el historial &#8220;<a href=\"https:\/\/www.comunidad.escom.ipn.mx\/ua_matdiscretas\/actividades\/\">Actividades de la Coordinaci\u00f3n<\/a>&#8220;. <\/p>\n\n\n\n<hr class=\"wp-block-separator has-alpha-channel-opacity has-midnight-gradient-background has-background\"\/>\n\n\n\n<h2 id=\"talleres-ets\">Revisiones reglamentadas<\/h2>\n\n\n\n<h3>Solicitudes recibidas<\/h3>\n\n\n\n<p class=\"has-text-align-justify\">Las <strong>solicitudes de revisi\u00f3n<\/strong> reglamentada de evaluaci\u00f3n que <strong>recibidas<\/strong> por esta Coordinaci\u00f3n son:<\/p>\n\n\n\n<figure id=\"tabla-1\" class=\"wp-block-table is-style-stripes\"><table><thead><tr><th><\/th><th>Memorando<\/th><th>Emitido<\/th><th>Recibido<\/th><\/tr><\/thead><tbody><tr><td>1<\/td><td>MEMO\/SA\/306\/2023 <a href=\"https:\/\/www.comunidad.escom.ipn.mx\/ua_matdiscretas\/wp-content\/uploads\/2023\/03\/ESCOM-SA-MEMO_SA_306_2023-20230310.pdf\" target=\"_blank\" rel=\"noreferrer noopener\"><i class=\"fas fa-file-pdf\"><\/i><\/a><\/td><td>10-mar-2023<\/td><td>13-feb-2023 11:36<br><\/td><\/tr><\/tbody><\/table><figcaption class=\"wp-element-caption\">Tabla 1: Memorandos de solicitudes de revisiones de evaluaci\u00f3n recibidas en la Coordinaci\u00f3n<\/figcaption><\/figure>\n\n\n\n<hr class=\"wp-block-separator has-alpha-channel-opacity has-midnight-gradient-background has-background\"\/>\n\n\n\n<h3 id=\"logistica\">Log\u00edstica<\/h3>\n\n\n\n<p class=\"has-text-align-justify\">Este procedimiento de revisi\u00f3n de evaluaciones, tendr\u00e1 particularmente la siguiente log\u00edstica:<\/p>\n\n\n\n<figure class=\"wp-block-table is-style-stripes\"><table><thead><tr><th><\/th><th>Actor responsable<\/th><th>Descripci\u00f3n<\/th><\/tr><\/thead><tbody><tr><td>1<\/td><td>Subdirector Acad\u00e9mico<\/td><td>El Subdirector Acad\u00e9mico emitir\u00e1 un memorando dirigido al Presidente de Academia para indicar la atenci\u00f3n de las solicitudes de revisi\u00f3n de evaluaciones de los estudiantes.<\/td><\/tr><tr><td>2<\/td><td>Presidente de Academia<\/td><td>El Presidente de Academia transmitir\u00e1 al Coordinador el memorando para delegar la atenci\u00f3n de las solicitudes.<\/td><\/tr><tr><td>3<\/td><td>Coordinador de Matem\u00e1ticas discretas<\/td><td>El Coordinador establecer\u00e1 comunicaci\u00f3n con el\/la estudiante para confirmarle que se ha recibido su solicitud de revisi\u00f3n del ETS.<\/td><\/tr><tr><td>4<\/td><td>Coordinador de Matem\u00e1ticas discretas<\/td><td>El Coordinador le notificar\u00e1 al estudiante para avisarle el horario tentativo de la reuni\u00f3n de revisi\u00f3n del ETS y solicitarle confirme su asistencia.<\/td><\/tr><tr><td>5<\/td><td>Estudiante<\/td><td>El\/La estudiante confirmar\u00e1 su asistencia al Coordinador.<\/td><\/tr><tr><td>6<\/td><td>Coordinador de Matem\u00e1ticas discretas<\/td><td>El Coordinador le notificar\u00e1 al estudiante la fecha, la hora y los datos de conexi\u00f3n de la reuni\u00f3n de revisi\u00f3n del ETS y le solicitar\u00e1 confirme la recepci\u00f3n de esta informaci\u00f3n.<\/td><\/tr><tr><td>7<\/td><td>Estudiante<\/td><td>El\/La estudiante confirmar\u00e1 la recepci\u00f3n de estos datos y conformidad o inconformidad al Coordinador.<\/td><\/tr><tr><td>8<\/td><td>Coordinador de Matem\u00e1ticas discretas<\/td><td>El Coordinador encabeza la reuni\u00f3n de revisi\u00f3n en presencia de dos profesores de la Academia y el\/la estudiante.<\/td><\/tr><tr><td>9<\/td><td>Coordinador de Matem\u00e1ticas discretas<\/td><td>El Coordinador elabora la minuta de la reuni\u00f3n registrando la calificaci\u00f3n convenida por los profesores de la Academia y cualquier detalle relevante en la reuni\u00f3n.<\/td><\/tr><tr><td>10<\/td><td>Coordinador de Matem\u00e1ticas discretas<\/td><td>El Coordinador le notificar\u00e1, mediante el correo electr\u00f3nico institucional, al estudiante la calificaci\u00f3n resultante de la revisi\u00f3n del ETS y le solicitar\u00e1 confirme: la realizaci\u00f3n de la reuni\u00f3n de revisi\u00f3n y la conformidad o la inconformidad de la calificaci\u00f3n.<\/td><\/tr><tr><td>11<\/td><td>Estudiante<\/td><td>El\/La estudiante responder\u00e1 al Coordinador el correo con los datos solicitados.<\/td><\/tr><tr><td>12<\/td><td>Coordinador de Matem\u00e1ticas discretas<\/td><td>El Coordinador recabar\u00e1 la firma aut\u00f3grafa de los profesores de la Academia en la minuta de reuni\u00f3n.<\/td><\/tr><tr><td>13<\/td><td>Coordinador de Matem\u00e1ticas discretas<\/td><td>El Coordinador notificar\u00e1 las calificaciones al Presidente de Academia y sustentar\u00e1 con una copia de las minutas de reuni\u00f3n.<\/td><\/tr><\/tbody><\/table><figcaption class=\"wp-element-caption\">Tabla 2: Log\u00edstica del procedimiento de revisi\u00f3n del ETS especial del periodo 2022-2023\/1<\/figcaption><\/figure>\n\n\n\n<hr class=\"wp-block-separator has-alpha-channel-opacity has-midnight-gradient-background has-background\"\/>\n\n\n\n<h3 id=\"seguimiento-a-las-solicitudes-de-revision\">Seguimiento a las solicitudes de revisi\u00f3n<\/h3>\n\n\n\n<p class=\"has-text-align-justify\">Las citas para atender cada reuni\u00f3n son:<\/p>\n\n\n\n<figure class=\"wp-block-table is-style-stripes\"><table><thead><tr><th><\/th><th>Boleta del<br>estudiante<\/th><th>Progreso del procedimiento de revisi\u00f3n<\/th><\/tr><\/thead><tbody><tr><td>1<\/td><td>2020601923<\/td><td><i class=\"fas fa-check\"><\/i> Cita asignada<br><i class=\"fas fa-check\"><\/i> Cita notificada<br><i class=\"fas fa-xmark\"><\/i> Confirmaci\u00f3n de asistencia<br><i class=\"fas fa-hourglass-half\"><\/i> Revisi\u00f3n realizada<br><i class=\"fas fa-hourglass-half\"><\/i> Calificaci\u00f3n final notificada<\/td><\/tr><tr><td>2<\/td><td>2021630741<\/td><td><i class=\"fas fa-check\"><\/i> Cita asignada<br><i class=\"fas fa-check\"><\/i> Cita notificada<br><i class=\"fas fa-check\"><\/i> Confirmaci\u00f3n de asistencia<br><i class=\"fas fa-check\"><\/i> Revisi\u00f3n realizada<br><i class=\"fas fa-check\"><\/i> Calificaci\u00f3n final notificada<\/td><\/tr><tr><td>3<\/td><td>2022350365<\/td><td><i class=\"fas fa-check\"><\/i> Cita asignada<br><i class=\"fas fa-check\"><\/i> Cita notificada<br><i class=\"fas fa-check\"><\/i> Confirmaci\u00f3n de asistencia<br><i class=\"fas fa-check\"><\/i> Revisi\u00f3n realizada<br><i class=\"fas fa-check\"><\/i> Calificaci\u00f3n final notificada<\/td><\/tr><tr><td>4<\/td><td>2022400193<\/td><td><i class=\"fas fa-check\"><\/i> Cita asignada<br><i class=\"fas fa-check\"><\/i> Cita notificada<br><i class=\"fas fa-xmark\"><\/i> Confirmaci\u00f3n de asistencia<br><i class=\"fas fa-hourglass-half\"><\/i> Revisi\u00f3n realizada<br><i class=\"fas fa-hourglass-half\"><\/i> Calificaci\u00f3n final notificada<\/td><\/tr><tr><td>5<\/td><td>2023630139<\/td><td><i class=\"fas fa-check\"><\/i> Cita asignada<br><i class=\"fas fa-check\"><\/i> Cita notificada<br><i class=\"fas fa-check\"><\/i> Confirmaci\u00f3n de asistencia<br><i class=\"fas fa-check\"><\/i> Revisi\u00f3n realizada<br><i class=\"fas fa-check\"><\/i> Calificaci\u00f3n final notificada<\/td><\/tr><tr><td>6<\/td><td>2023630241<\/td><td><i class=\"fas fa-check\"><\/i> Cita asignada<br><i class=\"fas fa-check\"><\/i> Cita notificada<br><i class=\"fas fa-xmark\"><\/i> Confirmaci\u00f3n de asistencia<br><i class=\"fas fa-hourglass-half\"><\/i> Revisi\u00f3n realizada<br><i class=\"fas fa-hourglass-half\"><\/i> Calificaci\u00f3n final notificada<\/td><\/tr><tr><td>7<\/td><td>2023630359<\/td><td><i class=\"fas fa-check\"><\/i> Cita asignada<br><i class=\"fas fa-check\"><\/i> Cita notificada<br><i class=\"fas fa-xmark\"><\/i> Confirmaci\u00f3n de asistencia<br><i class=\"fas fa-hourglass-half\"><\/i> Revisi\u00f3n realizada<br><i class=\"fas fa-hourglass-half\"><\/i> Calificaci\u00f3n final notificada<\/td><\/tr><tr><td>8<\/td><td>2023630632<\/td><td><i class=\"fas fa-check\"><\/i> Cita asignada<br><i class=\"fas fa-check\"><\/i> Cita notificada<br><i class=\"fas fa-check\"><\/i> Confirmaci\u00f3n de asistencia<br><i class=\"fas fa-check\"><\/i> Revisi\u00f3n realizada<br><i class=\"fas fa-check\"><\/i> Calificaci\u00f3n final notificada<\/td><\/tr><tr><td>9<\/td><td>2023630806<\/td><td><i class=\"fas fa-check\"><\/i> Cita asignada<br><i class=\"fas fa-check\"><\/i> Cita notificada<br><i class=\"fas fa-xmark\"><\/i> Confirmaci\u00f3n de asistencia<br><i class=\"fas fa-hourglass-half\"><\/i> Revisi\u00f3n realizada<br><i class=\"fas fa-hourglass-half\"><\/i> Calificaci\u00f3n final notificada<\/td><\/tr><tr><td>10<\/td><td>2023630828<\/td><td><i class=\"fas fa-check\"><\/i> Cita asignada<br><i class=\"fas fa-check\"><\/i> Cita notificada<br><i class=\"fas fa-xmark\"><\/i> Confirmaci\u00f3n de asistencia<br><i class=\"fas fa-hourglass-half\"><\/i> Revisi\u00f3n realizada<br><i class=\"fas fa-hourglass-half\"><\/i> Calificaci\u00f3n final notificada<\/td><\/tr><\/tbody><\/table><figcaption class=\"wp-element-caption\">Tabla 3: Seguimiento de las solicitudes de revisi\u00f3n de evaluaciones.<\/figcaption><\/figure>\n\n\n\n<hr class=\"wp-block-separator has-alpha-channel-opacity has-midnight-gradient-background has-background is-style-default\"\/>\n\n\n\n<h2 id=\"preguntas-frecuentes\">Preguntas frecuentes<\/h2>\n\n\n\n<p class=\"has-text-align-justify\">Te dejamos esta secci\u00f3n de preguntas frecuentes que podr\u00edan ser de utilidad.<\/p>\n\n\n\n<p class=\"has-text-align-justify\"><i class=\"fas fa-circle-info\"><\/i> NOTA: Si consideras que alguna pregunta no est\u00e1 incluida y debiera estarlo por favor, escr\u00edbenos <a href=\"mailto:ibuitron@ipn.mx?subject=[202120222-MD-ETS-Ordinario] Pregunta sugerida\" target=\"_blank\" rel=\"noreferrer noopener\"><i class=\"fas fa-envelope\"><\/i><\/a> para incluirla.<\/p>\n\n\n\n<div class=\"is-layout-flex wp-container-3 wp-block-columns\">\n<div class=\"is-layout-flow wp-block-column\">\n<h3>Solicitudes recibidas<\/h3>\n\n\n\n<ul>\n<li>\u00bfPor qu\u00e9 no est\u00e1 alg\u00fan memorando con mi solicitud registrada?<br>Si un memorando no est\u00e1 en la tabla de &#8220;Memorandos recibidos en la Coordinaci\u00f3n&#8221;, justamente es porque no ha sido recibida en la Coordinaci\u00f3n y es probable que a\u00fan no sea emitida por la Subdirecci\u00f3n o est\u00e9 en el proceso de delegaci\u00f3n hacia la Academia o hacia la Coordinaci\u00f3n. Se sugiere consultar <a href=\"mailto:sub_academica_escom@ipn.mx?subject=[202220231-MD-ETS-Ordinario] Consulta de estado de solicitud de revisi\u00f3n\" target=\"_blank\" rel=\"noreferrer noopener\"><i class=\"fas fa-envelope\"><\/i><\/a> el estado de su solicitud en la Subdirecci\u00f3n.<\/li>\n\n\n\n<li>\u2014<\/li>\n<\/ul>\n<\/div>\n\n\n\n<div class=\"is-layout-flow wp-block-column\">\n<h3>Seguimiento de solicitudes<\/h3>\n\n\n\n<ul>\n<li>\u00bfPor qu\u00e9 no est\u00e1 mi n\u00famero de boleta en la tabla de &#8220;Seguimiento de solicitudes&#8221;?<br>Si tras realizar tu solicitud en la Subdirecci\u00f3n y estar registrada tu solicitud en alg\u00fan memorando no est\u00e1 registrado tu n\u00famero de boleta en la Tabla 3: &#8220;Seguimiento de las solicitudes&#8221;, por favor escr\u00edbenos <a href=\"mailto:ibuitron@ipn.mx?subject=[202220231-MD-ETS-Ordinario] Solicitud de revisi\u00f3n no enlistada\" target=\"_blank\" rel=\"noreferrer noopener\"><i class=\"fas fa-envelope\"><\/i><\/a> inmediatamente a la Coordinaci\u00f3n para atenderte.<\/li>\n\n\n\n<li>\u2014<\/li>\n<\/ul>\n<\/div>\n<\/div>\n\n\n\n<hr class=\"wp-block-separator has-alpha-channel-opacity has-midnight-gradient-background has-background\"\/>\n","protected":false},"excerpt":{"rendered":"<p>En esta secci\u00f3n, podr\u00e1s encontrar detalles del procedimiento de revisi\u00f3n de los Ex\u00e1menes a T\u00edtulo de Suficiencia especiales de esta unidad de aprendizaje durante el periodo lectivo 2022-2023\/1, de agosto de 2022 a febrero de 2023, realizadas por esta Coordinaci\u00f3n. <span class=\"readmore\"><a href=\"https:\/\/www.comunidad.escom.ipn.mx\/ua_matdiscretas\/actividades\/2022-2023-1\/ets-especial\/revisiones\/\">Continue Reading &#8230;<\/a><\/span><\/p>\n","protected":false},"author":2,"featured_media":447,"parent":466,"menu_order":0,"comment_status":"closed","ping_status":"closed","template":"","meta":{"jetpack_post_was_ever_published":false},"jetpack_sharing_enabled":true,"jetpack_shortlink":"https:\/\/wp.me\/P8iVV1-7G","_links":{"self":[{"href":"https:\/\/www.comunidad.escom.ipn.mx\/ua_matdiscretas\/wp-json\/wp\/v2\/pages\/476"}],"collection":[{"href":"https:\/\/www.comunidad.escom.ipn.mx\/ua_matdiscretas\/wp-json\/wp\/v2\/pages"}],"about":[{"href":"https:\/\/www.comunidad.escom.ipn.mx\/ua_matdiscretas\/wp-json\/wp\/v2\/types\/page"}],"author":[{"embeddable":true,"href":"https:\/\/www.comunidad.escom.ipn.mx\/ua_matdiscretas\/wp-json\/wp\/v2\/users\/2"}],"replies":[{"embeddable":true,"href":"https:\/\/www.comunidad.escom.ipn.mx\/ua_matdiscretas\/wp-json\/wp\/v2\/comments?post=476"}],"version-history":[{"count":7,"href":"https:\/\/www.comunidad.escom.ipn.mx\/ua_matdiscretas\/wp-json\/wp\/v2\/pages\/476\/revisions"}],"predecessor-version":[{"id":489,"href":"https:\/\/www.comunidad.escom.ipn.mx\/ua_matdiscretas\/wp-json\/wp\/v2\/pages\/476\/revisions\/489"}],"up":[{"embeddable":true,"href":"https:\/\/www.comunidad.escom.ipn.mx\/ua_matdiscretas\/wp-json\/wp\/v2\/pages\/466"}],"wp:featuredmedia":[{"embeddable":true,"href":"https:\/\/www.comunidad.escom.ipn.mx\/ua_matdiscretas\/wp-json\/wp\/v2\/media\/447"}],"wp:attachment":[{"href":"https:\/\/www.comunidad.escom.ipn.mx\/ua_matdiscretas\/wp-json\/wp\/v2\/media?parent=476"}],"curies":[{"name":"wp","href":"https:\/\/api.w.org\/{rel}","templated":true}]}}