{"id":491,"date":"2023-09-18T00:05:26","date_gmt":"2023-09-18T06:05:26","guid":{"rendered":"https:\/\/www.comunidad.escom.ipn.mx\/ua_matdiscretas\/?page_id=491"},"modified":"2023-09-18T00:05:28","modified_gmt":"2023-09-18T06:05:28","slug":"2023-2024-1","status":"publish","type":"page","link":"https:\/\/www.comunidad.escom.ipn.mx\/ua_matdiscretas\/actividades\/2023-2024-1\/","title":{"rendered":"Actividades en el periodo 2023-2024\/1"},"content":{"rendered":"\n<p>En esta secci\u00f3n, podr\u00e1s encontrar informaci\u00f3n relevante de esta unidad de aprendizaje durante el periodo lectivo 2023-2024\/1, de agosto de 2023 a enero de 2024.<\/p>\n\n\n\n<p>Para mayor informaci\u00f3n de otros periodos, consulte el historial <a href=\"https:\/\/www.comunidad.escom.ipn.mx\/ua_matdiscretas\/actividades\/\">&#8220;Actividades de la Coordinaci\u00f3n&#8221; <i class=\"fas fa-link\"><\/i><\/a>.<\/p>\n\n\n\n<h2 id=\"profesores\">Profesores<\/h2>\n\n\n\n<p>Los profesores que imparten esta unidad de aprendizaje en este periodo, as\u00ed como sus datos de contacto, son:<\/p>\n\n\n\n<p>(*) Docente responsable de la coordinaci\u00f3n.<\/p>\n\n\n\n<figure class=\"wp-block-table is-style-stripes\"><table><thead><tr><th class=\"has-text-align-center\" data-align=\"center\"><\/th><th>Docente<\/th><th class=\"has-text-align-center\" data-align=\"center\">Contacto<\/th><\/tr><\/thead><tbody><tr><td class=\"has-text-align-center\" data-align=\"center\">1<\/td><td><strong>Elsa Leticia<\/strong> Arcos D\u00edaz (*)<\/td><td class=\"has-text-align-center\" data-align=\"center\"><a href=\"mailto:earcosd@ipn.mx\"><i class=\"fas fa-envelope\"><\/i><\/a> <a href=\"mailto:eleticiaarcosd@gmail.com\"><i class=\"fas fa-envelope\"><\/i><\/a><\/td><\/tr><tr><td class=\"has-text-align-center\" data-align=\"center\">2<\/td><td><strong>Cristhian Alejandro<\/strong> \u00c1vila S\u00e1nchez<\/td><td class=\"has-text-align-center\" data-align=\"center\"><a href=\"mailto:cavilas@ipn.mx\"><i class=\"fas fa-envelope\"><\/i><\/a> <a href=\"mailto:avila.scz@gmail.com\"><i class=\"fas fa-envelope\"><\/i><\/a><\/td><\/tr><tr><td class=\"has-text-align-center\" data-align=\"center\">3<\/td><td><strong>Israel<\/strong> Buitr\u00f3n D\u00e1maso<\/td><td class=\"has-text-align-center\" data-align=\"center\"><a href=\"mailto:ibuitron@ipn.mx\"><i class=\"fas fa-envelope\"><\/i><\/a> <a href=\"https:\/\/comunidad.escom.ipn.mx\/ibuitron\" target=\"_blank\" rel=\"noreferrer noopener\"><i class=\"fas fa-globe\"><\/i><\/a><\/td><\/tr><tr><td class=\"has-text-align-center\" data-align=\"center\">4<\/td><td><strong>Claudia Jisela<\/strong> Dorantes Villa<\/td><td class=\"has-text-align-center\" data-align=\"center\"><a href=\"mailto:cdorantesv@ipn.mx\"><i class=\"fas fa-envelope\"><\/i><\/a> <a href=\"mailto:cjdorante@yahoo.com.mx\"><i class=\"fas fa-envelope\"><\/i><\/a><\/td><\/tr><tr><td class=\"has-text-align-center\" data-align=\"center\">5<\/td><td><strong>Darwin<\/strong> Guti\u00e9rrez Mej\u00eda<\/td><td class=\"has-text-align-center\" data-align=\"center\"><a href=\"mailto:dgutierrezm@ipn.mx\"><i class=\"fas fa-envelope\"><\/i><\/a> <\/td><\/tr><tr><td class=\"has-text-align-center\" data-align=\"center\">6<\/td><td><strong>Martha Patricia<\/strong> Jim\u00e9nez Villanueva<\/td><td class=\"has-text-align-center\" data-align=\"center\"><a href=\"mailto:mjimenezv@ipn.mx\"><i class=\"fas fa-envelope\"><\/i><\/a> <a href=\"mailto:mpjvillanueva1972@gmail.com\"><i class=\"fas fa-envelope\"><\/i><\/a><\/td><\/tr><tr><td class=\"has-text-align-center\" data-align=\"center\">7<\/td><td><strong>Jos\u00e9 Manuel<\/strong> L\u00f3pez S\u00e1nchez<\/td><td class=\"has-text-align-center\" data-align=\"center\"><a href=\"mailto:jmlopezs@ipn.mx\" target=\"_blank\" rel=\"noreferrer noopener\"><i class=\"fas fa-envelope\"><\/i><\/a> <a href=\"mailto:manuel_0608@hotmail.com\"><i class=\"fas fa-envelope\"><\/i><\/a><\/td><\/tr><tr><td class=\"has-text-align-center\" data-align=\"center\">8<\/td><td><strong>Iv\u00e1n Giovanny<\/strong> Mosso Garc\u00eda<\/td><td class=\"has-text-align-center\" data-align=\"center\"><a href=\"mailto:igmosso@ipn.mx\"><i class=\"fas fa-envelope\"><\/i><\/a> <a href=\"mailto:igmosso@hotmail.com\"><i class=\"fas fa-envelope\"><\/i><\/a><\/td><\/tr><tr><td class=\"has-text-align-center\" data-align=\"center\">9<\/td><td><strong>Jo\u00e9l<\/strong> Nava Lara<\/td><td class=\"has-text-align-center\" data-align=\"center\"><a href=\"mailto:jnavala@ipn.mx\"><i class=\"fas fa-envelope\"><\/i><\/a> <a href=\"mailto:joelnvlr@gmail.com\"><i class=\"fas fa-envelope\"><\/i><\/a><\/td><\/tr><tr><td class=\"has-text-align-center\" data-align=\"center\">10<\/td><td><strong>Yanira<\/strong> Pachuca Herrera<\/td><td class=\"has-text-align-center\" data-align=\"center\"><a href=\"mailto:ypachucah@ipn.mx\" target=\"_blank\" rel=\"noreferrer noopener\"><i class=\"fas fa-envelope\"><\/i><\/a> <a href=\"mailto:ypachucaherrera@yahoo.com\"><i class=\"fas fa-envelope\"><\/i><\/a><\/td><\/tr><tr><td class=\"has-text-align-center\" data-align=\"center\">11<\/td><td><strong>Mar\u00eda Susana<\/strong> S\u00e1nchez Palacios<\/td><td class=\"has-text-align-center\" data-align=\"center\"><a href=\"mailto:mssanchezp@ipn.mx\"><i class=\"fas fa-envelope\"><\/i><\/a> <a href=\"mailto:susanarex2014@gmail.com\"><i class=\"fas fa-envelope\"><\/i><\/a><\/td><\/tr><tr><td class=\"has-text-align-center\" data-align=\"center\">12<\/td><td><strong>Perla Rebeca<\/strong> S\u00e1nchez Vargas<\/td><td class=\"has-text-align-center\" data-align=\"center\"><a href=\"mailto:psanchezv@ipn.mx\"><i class=\"fas fa-envelope\"><\/i><\/a> <a href=\"mailto:blackpearl860904@gmail.com\"><i class=\"fas fa-envelope\"><\/i><\/a><\/td><\/tr><tr><td class=\"has-text-align-center\" data-align=\"center\">13<\/td><td><strong>Ricardo<\/strong> S\u00e1nchez V\u00e9lez<\/td><td class=\"has-text-align-center\" data-align=\"center\"><a href=\"mailto:rsanchezve@ipn.mx\"><i class=\"fas fa-envelope\"><\/i><\/a> <a href=\"mailto:ricardosavel@gmail.com\"><i class=\"fas fa-envelope\"><\/i><\/a><\/td><\/tr><tr><td class=\"has-text-align-center\" data-align=\"center\">14<\/td><td><strong>Erik<\/strong> Santiago Valent\u00edn<\/td><td class=\"has-text-align-center\" data-align=\"center\"><a href=\"mailto:esantiagov@ipn.mx\"><i class=\"fas fa-envelope\"><\/i><\/a> <\/td><\/tr><tr><td class=\"has-text-align-center\" data-align=\"center\">15<\/td><td><strong>Leonor<\/strong> V\u00e1zquez Gonz\u00e1lez<\/td><td class=\"has-text-align-center\" data-align=\"center\"><a href=\"mailto:levazquezg@ipn.mx\"><i class=\"fas fa-envelope\"><\/i><\/a> <\/td><\/tr><\/tbody><\/table><figcaption class=\"wp-element-caption\">Tabla 1: Lista de profesores que imparten Matem\u00e1ticas discretas en el periodo 2023-2024\/1.<\/figcaption><\/figure>\n\n\n\n<h2 id=\"evaluacion-spa\">Evaluaci\u00f3n de Saberes previamente adquiridos<\/h2>\n\n\n\n<p class=\"has-text-align-justify\">Los estudiantes pueden tramitar sus solicitudes de la evaluaci\u00f3n de <em>Saberes previamente adquiridos<\/em> (SPA) entre el lunes 28 de agosto y el viernes 08 de septiembre de 2023, de acuerdo con el art\u00edculo 47 del <a rel=\"noreferrer noopener\" href=\"https:\/\/www.comunidad.escom.ipn.mx\/ibuitron\/docs\/normativa\/IPN-RGE-20110613.pdf\" target=\"_blank\">RGE <i class=\"fas fa-file-pdf\"><\/i> <i class=\"fas fa-up-right-from-square\"><\/i><\/a>.<\/p>\n\n\n\n<p class=\"has-text-align-justify\">Para mayor informaci\u00f3n sobre la evaluaci\u00f3n de SPAs, consulte la secci\u00f3n &#8220;Saberes Previamente Adquiridos del periodo 2023-2024\/1&#8221; <i class=\"fas fa-link-slash\"><\/i>.<\/p>\n\n\n\n<h2 class=\"hidden\" id=\"evaluacion-ets\">Evaluaci\u00f3n de Ex\u00e1menes a t\u00edtulo de suficiencia<\/h2>\n\n\n\n<h3 id=\"compendio-de-examenes\">Compendio de ex\u00e1menes<\/h3>\n\n\n\n<p>La Coordinaci\u00f3n publica un <strong>compendio de ex\u00e1menes<\/strong> aplicados por docentes que impartieron el curso en este periodo lectivo que podr\u00eda apoyar para resolver ejercicios con los que se evalu\u00f3.<\/p>\n\n\n\n<p>Este compendio est\u00e1 disponible en el enlace:<\/p>\n\n\n\n<ul>\n<li><a href=\"https:\/\/www.comunidad.escom.ipn.mx\/ua_matdiscretas\/wp-content\/uploads\/2023\/01\/CMD-202220231-CompExp-20230126_1412.pdf\" target=\"_blank\" rel=\"noreferrer noopener\">CMD-202220231-CompExp-20230126_1412.pdf <i class=\"fas fa-file-pdf\"><\/i> <i class=\"fas fa-link\"><\/i><\/a><\/li>\n\n\n\n<li><a href=\"https:\/\/www.comunidad.escom.ipn.mx\/ua_matdiscretas\/wp-content\/uploads\/2023\/01\/CMD-202220231-CompExp-20230129_0035.pdf\" target=\"_blank\" rel=\"noreferrer noopener\">CMD-202220231-CompExp-20230129_0035.pdf <i class=\"fas fa-file-pdf\"><\/i> <i class=\"fas fa-link\"><\/i><\/a><\/li>\n\n\n\n<li><a href=\"https:\/\/www.comunidad.escom.ipn.mx\/ua_matdiscretas\/CMD-202220231-CompExp-lastest.pdf\" target=\"_blank\" rel=\"noreferrer noopener\">CMD-202220231-CompExp-lastest.pdf <i class=\"fas fa-file-pdf\"><\/i> <i class=\"fas fa-link\"><\/i><\/a><\/li>\n<\/ul>\n\n\n\n<p class=\"has-text-align-justify\"><i class=\"fas fa-circle-info\"><\/i> NOTA: <strong>Este compendio<\/strong> de ex\u00e1menes <strong>NO debe entenderse como un <em>&#8220;Gu\u00eda de estudio&#8221;<\/em><\/strong> porque no es una herramienta que tenga por objetivo guiar un proceso de aprendizaje pleno de los conocimientos considerados en el curso. Entenderlo como una &#8220;gu\u00eda de estudio&#8221;, podr\u00eda implicar una falsa sensaci\u00f3n de aprendizaje. A lo m\u00e1s, es un documento que podr\u00eda dar indicios de los ejercicios revisados en el periodo lectivo en cuesti\u00f3n.<\/p>\n\n\n\n<h3>Ex\u00e1menes a t\u00edtulo de suficiencia<\/h3>\n\n\n\n<p class=\"has-text-align-justify\">Para mayor informaci\u00f3n sobre la evaluaci\u00f3n de ETSs, consulte la secci\u00f3n de los ex\u00e1menes correspondientes:<\/p>\n\n\n\n<ul>\n<li><a href=\"https:\/\/www.comunidad.escom.ipn.mx\/ua_matdiscretas\/actividades\/2022-2023-1\/ets-ordinario\/\">ETS ordinarios <i class=\"fas fa-link\"><\/i><\/a><\/li>\n\n\n\n<li><a href=\"https:\/\/www.comunidad.escom.ipn.mx\/ua_matdiscretas\/actividades\/2022-2023-1\/ets-especial\/\">ETS especiales <i class=\"fas fa-link\"><\/i><\/a><\/li>\n<\/ul>\n","protected":false},"excerpt":{"rendered":"<p>En esta secci\u00f3n, podr\u00e1s encontrar informaci\u00f3n relevante de esta unidad de aprendizaje durante el periodo lectivo 2023-2024\/1, de agosto de 2023 a enero de 2024. Para mayor informaci\u00f3n de otros periodos, consulte el historial &#8220;Actividades de la Coordinaci\u00f3n&#8221; . Profesores <span class=\"readmore\"><a href=\"https:\/\/www.comunidad.escom.ipn.mx\/ua_matdiscretas\/actividades\/2023-2024-1\/\">Continue Reading &#8230;<\/a><\/span><\/p>\n","protected":false},"author":2,"featured_media":0,"parent":129,"menu_order":0,"comment_status":"closed","ping_status":"closed","template":"","meta":{"jetpack_post_was_ever_published":false},"jetpack_sharing_enabled":true,"jetpack_shortlink":"https:\/\/wp.me\/P8iVV1-7V","_links":{"self":[{"href":"https:\/\/www.comunidad.escom.ipn.mx\/ua_matdiscretas\/wp-json\/wp\/v2\/pages\/491"}],"collection":[{"href":"https:\/\/www.comunidad.escom.ipn.mx\/ua_matdiscretas\/wp-json\/wp\/v2\/pages"}],"about":[{"href":"https:\/\/www.comunidad.escom.ipn.mx\/ua_matdiscretas\/wp-json\/wp\/v2\/types\/page"}],"author":[{"embeddable":true,"href":"https:\/\/www.comunidad.escom.ipn.mx\/ua_matdiscretas\/wp-json\/wp\/v2\/users\/2"}],"replies":[{"embeddable":true,"href":"https:\/\/www.comunidad.escom.ipn.mx\/ua_matdiscretas\/wp-json\/wp\/v2\/comments?post=491"}],"version-history":[{"count":5,"href":"https:\/\/www.comunidad.escom.ipn.mx\/ua_matdiscretas\/wp-json\/wp\/v2\/pages\/491\/revisions"}],"predecessor-version":[{"id":499,"href":"https:\/\/www.comunidad.escom.ipn.mx\/ua_matdiscretas\/wp-json\/wp\/v2\/pages\/491\/revisions\/499"}],"up":[{"embeddable":true,"href":"https:\/\/www.comunidad.escom.ipn.mx\/ua_matdiscretas\/wp-json\/wp\/v2\/pages\/129"}],"wp:attachment":[{"href":"https:\/\/www.comunidad.escom.ipn.mx\/ua_matdiscretas\/wp-json\/wp\/v2\/media?parent=491"}],"curies":[{"name":"wp","href":"https:\/\/api.w.org\/{rel}","templated":true}]}}