{"id":5,"date":"2016-10-06T17:29:38","date_gmt":"2016-10-06T23:29:38","guid":{"rendered":"http:\/\/www.comunidad.escom.ipn.mx\/ua_matdiscretas\/?page_id=5"},"modified":"2016-10-26T15:01:37","modified_gmt":"2016-10-26T21:01:37","slug":"contenido-tematico","status":"publish","type":"page","link":"https:\/\/www.comunidad.escom.ipn.mx\/ua_matdiscretas\/contenido-tematico\/","title":{"rendered":"Contenido tem\u00e1tico"},"content":{"rendered":"<p>En esta secci\u00f3n encontrar\u00e1s informaci\u00f3n acad\u00e9mica de importancia para la materia.<\/p>\n","protected":false},"excerpt":{"rendered":"<p>En esta secci\u00f3n encontrar\u00e1s informaci\u00f3n acad\u00e9mica de importancia para la materia.<\/p>\n","protected":false},"author":2,"featured_media":0,"parent":0,"menu_order":0,"comment_status":"closed","ping_status":"closed","template":"","meta":{"jetpack_post_was_ever_published":false},"jetpack_sharing_enabled":true,"jetpack_shortlink":"https:\/\/wp.me\/P8iVV1-5","_links":{"self":[{"href":"https:\/\/www.comunidad.escom.ipn.mx\/ua_matdiscretas\/wp-json\/wp\/v2\/pages\/5"}],"collection":[{"href":"https:\/\/www.comunidad.escom.ipn.mx\/ua_matdiscretas\/wp-json\/wp\/v2\/pages"}],"about":[{"href":"https:\/\/www.comunidad.escom.ipn.mx\/ua_matdiscretas\/wp-json\/wp\/v2\/types\/page"}],"author":[{"embeddable":true,"href":"https:\/\/www.comunidad.escom.ipn.mx\/ua_matdiscretas\/wp-json\/wp\/v2\/users\/2"}],"replies":[{"embeddable":true,"href":"https:\/\/www.comunidad.escom.ipn.mx\/ua_matdiscretas\/wp-json\/wp\/v2\/comments?post=5"}],"version-history":[{"count":5,"href":"https:\/\/www.comunidad.escom.ipn.mx\/ua_matdiscretas\/wp-json\/wp\/v2\/pages\/5\/revisions"}],"predecessor-version":[{"id":59,"href":"https:\/\/www.comunidad.escom.ipn.mx\/ua_matdiscretas\/wp-json\/wp\/v2\/pages\/5\/revisions\/59"}],"wp:attachment":[{"href":"https:\/\/www.comunidad.escom.ipn.mx\/ua_matdiscretas\/wp-json\/wp\/v2\/media?parent=5"}],"curies":[{"name":"wp","href":"https:\/\/api.w.org\/{rel}","templated":true}]}}